{"id":280093,"date":"2025-10-15T09:49:31","date_gmt":"2025-10-15T09:49:31","guid":{"rendered":"https:\/\/cargolock.jtni.nl\/kontakt\/"},"modified":"2026-03-05T14:30:34","modified_gmt":"2026-03-05T14:30:34","slug":"kontakt","status":"publish","type":"page","link":"https:\/\/cargolock.jtni.nl\/de\/kontakt\/","title":{"rendered":"Kontakt"},"content":{"rendered":"<p>[et_pb_section fb_built=&#8220;1&#8243; custom_padding_last_edited=&#8220;on|phone&#8220; _builder_version=&#8220;4.27.5&#8243; _module_preset=&#8220;default&#8220; custom_padding=&#8220;150px||150px||false|false&#8220; custom_padding_tablet=&#8220;150px||150px||false|false&#8220; custom_padding_phone=&#8220;50px||50px||true|false&#8220; global_colors_info=&#8220;{}&#8220;][et_pb_row column_structure=&#8220;1_2,1_4,1_4&#8243; _builder_version=&#8220;4.27.4&#8243; _module_preset=&#8220;default&#8220; global_colors_info=&#8220;{}&#8220;][et_pb_column type=&#8220;1_2&#8243; _builder_version=&#8220;4.27.4&#8243; _module_preset=&#8220;default&#8220; global_colors_info=&#8220;{}&#8220;][et_pb_text _builder_version=&#8220;4.27.4&#8243; _module_preset=&#8220;default&#8220; header_2_font=&#8220;|||on|||||&#8220; header_2_text_color=&#8220;#05152E&#8220; global_colors_info=&#8220;{}&#8220;]<\/p>\n<div class=\"page\" title=\"Page 8\">\n<div class=\"section\">\n<div class=\"layoutArea\">\n<div class=\"column\">\n<h2><span>Einander treffen<\/span><\/h2>\n<\/div>\n<\/div>\n<\/div>\n<\/div>\n<p>[\/et_pb_text][et_pb_text _builder_version=&#8220;4.27.4&#8243; _module_preset=&#8220;default&#8220; global_colors_info=&#8220;{}&#8220;]<\/p>\n<div class=\"page\" title=\"Page 8\">\n<div class=\"section\">\n<div class=\"layoutArea\">\n<div class=\"column\">\n<p>Sie finden Cargo-Lock in F\u00fcrstenwalde\/Spree, Gro\u03d0raum Berlin, direct an der BAB A12. Wir freuen uns darauf, mit Ihnen in Kontakt zu treten. Das kann bei uns vor Ort sein, aber genauso gut bei Ihnen vor Ort. Wo auch immer es ist, wir f\u00fchren gerne das Gespr\u00e4ch, um gemeinsam die besten L\u00f6sungen zu finden.   <\/p>\n<\/div>\n<\/div>\n<\/div>\n<\/div>\n<p>[\/et_pb_text][\/et_pb_column][et_pb_column type=&#8220;1_4&#8243; _builder_version=&#8220;4.27.4&#8243; _module_preset=&#8220;default&#8220; global_colors_info=&#8220;{}&#8220;][et_pb_text _builder_version=&#8220;4.27.6&#8243; _module_preset=&#8220;default&#8220; text_font=&#8220;|||on|||||&#8220; link_text_color=&#8220;#05152E&#8220; global_colors_info=&#8220;{}&#8220;]<\/p>\n<div class=\"page\" title=\"Page 8\">\n<div class=\"section\">\n<div class=\"layoutArea\">\n<div class=\"column\">\n<p>Niederlassung Niederlande<\/p>\n<\/div>\n<\/div>\n<\/div>\n<\/div>\n<p>[\/et_pb_text][et_pb_text _builder_version=&#8220;4.27.5&#8243; _module_preset=&#8220;default&#8220; link_text_color=&#8220;#05152E&#8220; global_colors_info=&#8220;{}&#8220;]<\/p>\n<p>Cargo Security Systems BV<br \/>Rijnstraat 48<br \/>4191 CL Geldermalsen<br \/><a href=\"mailto:info@cargolock.nl\">info@cargolock.nl<\/a><br \/><a href=\"+31%20(0)345%20622%20225\">+31 (0)345 622 225<\/a><\/p>\n<p>[\/et_pb_text][\/et_pb_column][et_pb_column type=&#8220;1_4&#8243; _builder_version=&#8220;4.27.4&#8243; _module_preset=&#8220;default&#8220; global_colors_info=&#8220;{}&#8220;][et_pb_text _builder_version=&#8220;4.27.5&#8243; _module_preset=&#8220;default&#8220; text_font=&#8220;|||on|||||&#8220; global_colors_info=&#8220;{}&#8220;]<\/p>\n<div class=\"page\" title=\"Page 8\">\n<div class=\"section\">\n<div class=\"layoutArea\">\n<div class=\"column\">\n<p><span>Niederlassung Deutschland<\/span><\/p>\n<\/div>\n<\/div>\n<\/div>\n<\/div>\n<p>[\/et_pb_text][et_pb_text _builder_version=&#8220;4.27.4&#8243; _module_preset=&#8220;default&#8220; link_text_color=&#8220;#05152E&#8220; global_colors_info=&#8220;{}&#8220;]<\/p>\n<div class=\"page\" title=\"Page 8\">\n<div class=\"section\">\n<div class=\"layoutArea\">\n<div class=\"column\">\n<p><span>Cargo-Lock GmbH<br \/>Gewerbeparkring 57<br \/>15517 Fu\u0308rstenwalde\/Spree<br \/><a href=\"mailto:kontakt@cargolock.de\">kontakt@cargolock.de<\/a><br \/><a href=\"+49%20(0)3361-6932192\">+49 (0)3361-6932192<\/a><\/span><\/p>\n<\/div>\n<\/div>\n<\/div>\n<\/div>\n<p>[\/et_pb_text][\/et_pb_column][\/et_pb_row][et_pb_row _builder_version=&#8220;4.27.6&#8243; _module_preset=&#8220;default&#8220; global_colors_info=&#8220;{}&#8220;][et_pb_column type=&#8220;4_4&#8243; _builder_version=&#8220;4.27.6&#8243; _module_preset=&#8220;default&#8220; global_colors_info=&#8220;{}&#8220;][et_pb_code _builder_version=&#8220;4.27.6&#8243; _module_preset=&#8220;default&#8220; global_colors_info=&#8220;{}&#8220;]\n\t\t\t\t<div class='mapster-wp-maps-container'>\n\t\t\t\t<div class='mapster-wp-maps-loader-container' style='height: 600px;width: 100%;'>\n\t\t\t\t\t<div class='mapster-map-loader-initial' style='background-color: rgba(255,255,255,0.6)'>\n\t\t\t\t\t\t<svg stroke=\"rgba(0, 0, 0, 0.3)\" fill=\"rgba(0, 0, 0, 0.3)\"width=\"38\" height=\"38\" viewBox=\"0 0 38 38\" xmlns=\"http:\/\/www.w3.org\/2000\/svg\" stroke=\"#fff\"> <g fill=\"none\" fill-rule=\"evenodd\"> <g transform=\"translate(1 1)\" stroke-width=\"2\"> <circle stroke-opacity=\".5\" cx=\"18\" cy=\"18\" r=\"18\"\/> <path d=\"M36 18c0-9.94-8.06-18-18-18\"> <animateTransform attributeName=\"transform\" type=\"rotate\" from=\"0 18 18\" to=\"360 18 18\" dur=\"1s\" repeatCount=\"indefinite\"\/> <\/path> <\/g> <\/g> <\/svg>\n\t\t\t\t\t<\/div>\n\t\t\t\t<\/div>\n\t\t\t\t<div class='mapster-wp-maps'\n\t\t\t\t\tid='mapster-wp-maps-280277'\n\t\t\t\t\tdata-id='280277'\n\t\t\t\t\tdata-latitude='null'\n\t\t\t\t\tdata-longitude='null'\n\t\t\t\t\tdata-zoom='null'\n\t\t\t\t\tdata-single_feature_id=''\n\t\t\t\t\tdata-feature_ids=''>\n\t\t\t\t<\/div>\n\t\t\t\t\n\t\t\t<\/div>\n\t\t[\/et_pb_code][\/et_pb_column][\/et_pb_row][\/et_pb_section][et_pb_section fb_built=&#8220;1&#8243; _builder_version=&#8220;4.27.4&#8243; _module_preset=&#8220;default&#8220; background_color=&#8220;#05152E&#8220; custom_padding=&#8220;150px||150px||false|false&#8220; global_colors_info=&#8220;{}&#8220;][et_pb_row _builder_version=&#8220;4.27.4&#8243; _module_preset=&#8220;default&#8220; global_colors_info=&#8220;{}&#8220;][et_pb_column type=&#8220;4_4&#8243; _builder_version=&#8220;4.27.4&#8243; _module_preset=&#8220;default&#8220; global_colors_info=&#8220;{}&#8220;][et_pb_text _builder_version=&#8220;4.27.4&#8243; _module_preset=&#8220;default&#8220; header_2_font=&#8220;|||on|||||&#8220; global_colors_info=&#8220;{}&#8220;]<\/p>\n<div class=\"page\" title=\"Page 8\">\n<div class=\"section\">\n<div class=\"layoutArea\">\n<div class=\"column\">\n<h2><span>Gerne sprechen wir mit Ihnen<\/span><\/h2>\n<\/div>\n<\/div>\n<\/div>\n<\/div>\n<p>[\/et_pb_text][et_pb_text disabled_on=&#8220;off|off|off&#8220; admin_label=&#8220;WORD SPECIALIST&#8220; _builder_version=&#8220;4.27.5&#8243; _dynamic_attributes=&#8220;link_option_url&#8220; _module_preset=&#8220;default&#8220; text_text_color=&#8220;#FFFFFF&#8220; background_color=&#8220;#949598&#8243; transform_translate=&#8220;65px|0px&#8220; transform_translate_linked=&#8220;off&#8220; transform_rotate=&#8220;0deg|0deg|270deg&#8220; positioning=&#8220;fixed&#8220; position_origin_a=&#8220;center_right&#8220; position_origin_f=&#8220;center_right&#8220; text_orientation=&#8220;center&#8220; width=&#8220;160px&#8220; custom_margin=&#8220;0px||0px||false|false&#8220; link_option_url=&#8220;@ET-DC@eyJkeW5hbWljIjp0cnVlLCJjb250ZW50IjoicG9zdF9saW5rX3VybF9wYWdlIiwic2V0dGluZ3MiOnsicG9zdF9pZCI6IjcxIn19@&#8220; global_module=&#8220;279923&#8243; saved_tabs=&#8220;all&#8220; locked=&#8220;off&#8220; global_colors_info=&#8220;{}&#8220;]<\/p>\n<p>WORD SPECIALIST<\/p>\n<p>[\/et_pb_text][\/et_pb_column][\/et_pb_row][et_pb_row column_structure=&#8220;1_3,1_3,1_3&#8243; _builder_version=&#8220;4.27.4&#8243; _module_preset=&#8220;default&#8220; global_colors_info=&#8220;{}&#8220;][et_pb_column type=&#8220;1_3&#8243; _builder_version=&#8220;4.27.4&#8243; _module_preset=&#8220;default&#8220; global_colors_info=&#8220;{}&#8220;][et_pb_image src=&#8220;https:\/\/cargolock.jtni.nl\/wp-content\/uploads\/2025\/12\/Cargo-Lock-Chris-Dijkstra.webp&#8220; title_text=&#8220;Cargo Lock Chris Dijkstra&#8220; _builder_version=&#8220;4.27.4&#8243; _module_preset=&#8220;default&#8220; global_colors_info=&#8220;{}&#8220;][\/et_pb_image][et_pb_text admin_label=&#8220;Chris Dijkstra&#8220; _builder_version=&#8220;4.27.5&#8243; _module_preset=&#8220;default&#8220; text_text_color=&#8220;#FFFFFF&#8220; link_text_color=&#8220;#FFFFFF&#8220; text_orientation=&#8220;center&#8220; global_colors_info=&#8220;{}&#8220;]<\/p>\n<p><strong>Chris Dijkstra<\/strong><br \/>Direktor Niederlande<\/p>\n<p><a href=\"+31620244692\">+31 (0)620 244 692<\/a><br \/><a href=\"mailto:c.dijkstra@cargolock.nl\">c.dijkstra@cargolock.nl<\/a><\/p>\n<p>[\/et_pb_text][\/et_pb_column][et_pb_column type=&#8220;1_3&#8243; _builder_version=&#8220;4.27.4&#8243; _module_preset=&#8220;default&#8220; global_colors_info=&#8220;{}&#8220;][et_pb_image src=&#8220;https:\/\/cargolock.jtni.nl\/wp-content\/uploads\/2025\/12\/Cargo-Lock-Karin.webp&#8220; title_text=&#8220;Cargo Lock Karin&#8220; _builder_version=&#8220;4.27.4&#8243; _module_preset=&#8220;default&#8220; global_colors_info=&#8220;{}&#8220;][\/et_pb_image][et_pb_text admin_label=&#8220;Karin Wennekers&#8220; _builder_version=&#8220;4.27.5&#8243; _module_preset=&#8220;default&#8220; text_text_color=&#8220;#FFFFFF&#8220; link_text_color=&#8220;#FFFFFF&#8220; text_orientation=&#8220;center&#8220; global_colors_info=&#8220;{}&#8220;]<\/p>\n<p><strong>Karin Wennekers<br \/><\/strong>Office Manager<\/p>\n<p><a href=\"+31345622225\">+31 (0)345 622 225<\/a><br \/><a href=\"mailto:karin@cargolock.nl\">karin@cargolock.nl<\/a><\/p>\n<p>[\/et_pb_text][\/et_pb_column][et_pb_column type=&#8220;1_3&#8243; _builder_version=&#8220;4.27.4&#8243; _module_preset=&#8220;default&#8220; global_colors_info=&#8220;{}&#8220;][et_pb_image src=&#8220;https:\/\/cargolock.jtni.nl\/wp-content\/uploads\/2025\/12\/Cargo-Lock-Johan-Dijkstra.webp&#8220; title_text=&#8220;Cargo Lock Johan Dijkstra&#8220; _builder_version=&#8220;4.27.4&#8243; _module_preset=&#8220;default&#8220; global_colors_info=&#8220;{}&#8220;][\/et_pb_image][et_pb_text admin_label=&#8220;Johan Dijkstra&#8220; _builder_version=&#8220;4.27.5&#8243; _module_preset=&#8220;default&#8220; text_text_color=&#8220;#FFFFFF&#8220; link_text_color=&#8220;#FFFFFF&#8220; text_orientation=&#8220;center&#8220; global_colors_info=&#8220;{}&#8220;]<\/p>\n<p><strong>Johan Dijkstra<\/strong><br \/>Direktor Deutschland<\/p>\n<p><a href=\"+31622206574\">+31 (0)622 206 574<\/a><br \/><a href=\"mailto:j.dijkstra@cargolock.nl\">j.dijkstra@cargolock.nl<\/a><\/p>\n<p>[\/et_pb_text][\/et_pb_column][\/et_pb_row][\/et_pb_section]<\/p>\n","protected":false},"excerpt":{"rendered":"<p>Einander treffen Sie finden Cargo-Lock in F\u00fcrstenwalde\/Spree, Gro\u03d0raum Berlin, direct an der BAB A12. Wir freuen uns darauf, mit Ihnen in Kontakt zu treten. Das kann bei uns vor Ort sein, aber genauso gut bei Ihnen vor Ort. Wo auch immer es ist, wir f\u00fchren gerne das Gespr\u00e4ch, um gemeinsam die besten L\u00f6sungen zu finden. [&hellip;]<\/p>\n","protected":false},"author":1,"featured_media":0,"parent":0,"menu_order":0,"comment_status":"closed","ping_status":"closed","template":"","meta":{"_acf_changed":false,"_et_pb_use_builder":"on","_et_pb_old_content":"","_et_gb_content_width":"","footnotes":""},"difl_page_category":[],"class_list":["post-280093","page","type-page","status-publish","hentry"],"acf":[],"_links":{"self":[{"href":"https:\/\/cargolock.jtni.nl\/de\/wp-json\/wp\/v2\/pages\/280093","targetHints":{"allow":["GET"]}}],"collection":[{"href":"https:\/\/cargolock.jtni.nl\/de\/wp-json\/wp\/v2\/pages"}],"about":[{"href":"https:\/\/cargolock.jtni.nl\/de\/wp-json\/wp\/v2\/types\/page"}],"author":[{"embeddable":true,"href":"https:\/\/cargolock.jtni.nl\/de\/wp-json\/wp\/v2\/users\/1"}],"replies":[{"embeddable":true,"href":"https:\/\/cargolock.jtni.nl\/de\/wp-json\/wp\/v2\/comments?post=280093"}],"version-history":[{"count":5,"href":"https:\/\/cargolock.jtni.nl\/de\/wp-json\/wp\/v2\/pages\/280093\/revisions"}],"predecessor-version":[{"id":280291,"href":"https:\/\/cargolock.jtni.nl\/de\/wp-json\/wp\/v2\/pages\/280093\/revisions\/280291"}],"wp:attachment":[{"href":"https:\/\/cargolock.jtni.nl\/de\/wp-json\/wp\/v2\/media?parent=280093"}],"wp:term":[{"taxonomy":"difl_page_category","embeddable":true,"href":"https:\/\/cargolock.jtni.nl\/de\/wp-json\/wp\/v2\/difl_page_category?post=280093"}],"curies":[{"name":"wp","href":"https:\/\/api.w.org\/{rel}","templated":true}]}}