{"id":280131,"date":"2025-10-15T09:40:16","date_gmt":"2025-10-15T09:40:16","guid":{"rendered":"https:\/\/cargolock.jtni.nl\/projekte\/"},"modified":"2026-02-11T12:35:38","modified_gmt":"2026-02-11T12:35:38","slug":"projekte","status":"publish","type":"page","link":"https:\/\/cargolock.jtni.nl\/de\/projekte\/","title":{"rendered":"Projekte"},"content":{"rendered":"<p>[et_pb_section fb_built=&#8220;1&#8243; custom_padding_last_edited=&#8220;on|phone&#8220; _builder_version=&#8220;4.27.5&#8243; _module_preset=&#8220;default&#8220; custom_padding=&#8220;150px||150px||true|false&#8220; custom_padding_tablet=&#8220;150px||150px||true|false&#8220; custom_padding_phone=&#8220;50px||50px||true|false&#8220; global_colors_info=&#8220;{}&#8220;][et_pb_row column_structure=&#8220;2_3,1_3&#8243; _builder_version=&#8220;4.27.4&#8243; _module_preset=&#8220;default&#8220; global_colors_info=&#8220;{}&#8220;][et_pb_column type=&#8220;2_3&#8243; _builder_version=&#8220;4.27.4&#8243; _module_preset=&#8220;default&#8220; global_colors_info=&#8220;{}&#8220;][et_pb_text admin_label=&#8220;Ontgrendeld vertrouwen&#8220; _builder_version=&#8220;4.27.5&#8243; _module_preset=&#8220;default&#8220; header_2_text_color=&#8220;#05152E&#8220; custom_css_free_form=&#8220;sup { vertical-align:middle; font-size:50%; }&#8220; locked=&#8220;off&#8220; global_colors_info=&#8220;{}&#8220;]<\/p>\n<h2>CARGO-LOCK<sup>\u00ae<\/sup><br \/>\nErschlossenes vertrauen<\/h2>\n<p>Entdecken Sie eine Auswahl unserer Projekte. Aufgrund unseres hohen Integrit\u00e4tsstandards bleibt der Prozess hinter verschlossenen T\u00fcren. Die Ergebnisse sprechen f\u00fcr sich. Geh\u00f6rt Ihr Projekt bald auch dazu?[\/et_pb_text][\/et_pb_column][et_pb_column type=&#8220;1_3&#8243; _builder_version=&#8220;4.27.4&#8243; _module_preset=&#8220;default&#8220; global_colors_info=&#8220;{}&#8220;][\/et_pb_column][\/et_pb_row][\/et_pb_section][et_pb_section fb_built=&#8220;1&#8243; custom_padding_last_edited=&#8220;on|phone&#8220; _builder_version=&#8220;4.27.5&#8243; _module_preset=&#8220;default&#8220; background_color=&#8220;rgba(0,0,0,0.33)&#8220; background_image=&#8220;https:\/\/cargolock.jtni.nl\/wp-content\/uploads\/2025\/12\/Cargo-Lock-project-01.webp&#8220; background_blend=&#8220;multiply&#8220; custom_padding=&#8220;150px||150px||false|false&#8220; custom_padding_tablet=&#8220;150px||150px||false|false&#8220; custom_padding_phone=&#8220;50px||50px||true|false&#8220; global_colors_info=&#8220;{}&#8220;][et_pb_row column_structure=&#8220;1_2,1_2&#8243; _builder_version=&#8220;4.27.4&#8243; _module_preset=&#8220;default&#8220; global_colors_info=&#8220;{}&#8220;][et_pb_column type=&#8220;1_2&#8243; _builder_version=&#8220;4.27.4&#8243; _module_preset=&#8220;default&#8220; global_colors_info=&#8220;{}&#8220;][\/et_pb_column][et_pb_column type=&#8220;1_2&#8243; _builder_version=&#8220;4.27.4&#8243; _module_preset=&#8220;default&#8220; global_colors_info=&#8220;{}&#8220;][et_pb_text admin_label=&#8220;Gespecialiseerd (farmaceutisch) transport&#8220; _builder_version=&#8220;4.27.4&#8243; _module_preset=&#8220;default&#8220; header_font=&#8220;||||||||&#8220; header_2_font=&#8220;|||on|||||&#8220; global_colors_info=&#8220;{}&#8220;]<\/p>\n<h2>Spezialisierter (pharmazeutischer) transport<\/h2>\n<p>[\/et_pb_text][et_pb_text _builder_version=&#8220;4.27.5&#8243; _module_preset=&#8220;default&#8220; text_text_color=&#8220;#FFFFFF&#8220; hover_enabled=&#8220;0&#8243; text_text_shadow_style=&#8220;preset1&#8243; text_text_shadow_color=&#8220;#05152E&#8220; global_colors_info=&#8220;{}&#8220; sticky_enabled=&#8220;0&#8243;]<\/p>\n<p>F\u00fcr uns ist es wesentlich, dass die GDP-Normen strikt eingehalten werden und dass die Kette geschlossen bleibt. Die Zusammenarbeit mit Cargo-Lock gibt uns die Sicherheit, dass dieser Prozess wasserdicht ist. Ob es sich um verschiedene Fahrzeugtypen, Integration oder Einheitlichkeit handelt: Cargo-Lock hat immer eine passende L\u00f6sung.  <span class=\"Apple-converted-space\"> <\/span><\/p>\n<p>\u2013 Paul Bouwmeester, CEO BK Sneltransport und BK Pharma Logistics<span class=\"Apple-converted-space\"> <\/span><\/p>\n<p>[\/et_pb_text][\/et_pb_column][\/et_pb_row][\/et_pb_section][et_pb_section fb_built=&#8220;1&#8243; custom_padding_last_edited=&#8220;on|phone&#8220; _builder_version=&#8220;4.27.5&#8243; _module_preset=&#8220;default&#8220; background_color=&#8220;rgba(0,0,0,0.33)&#8220; background_image=&#8220;https:\/\/cargolock.jtni.nl\/wp-content\/uploads\/2025\/12\/Cargo-Lock-project-02.webp&#8220; background_blend=&#8220;color&#8220; custom_padding=&#8220;150px||150px||false|false&#8220; custom_padding_tablet=&#8220;150px||150px||false|false&#8220; custom_padding_phone=&#8220;50px||50px||true|false&#8220; global_colors_info=&#8220;{}&#8220;][et_pb_row column_structure=&#8220;1_2,1_2&#8243; _builder_version=&#8220;4.27.4&#8243; _module_preset=&#8220;default&#8220; global_colors_info=&#8220;{}&#8220;][et_pb_column type=&#8220;1_2&#8243; _builder_version=&#8220;4.27.4&#8243; _module_preset=&#8220;default&#8220; global_colors_info=&#8220;{}&#8220;][et_pb_text admin_label=&#8220;Logistieke dienstverlener&#8220; _builder_version=&#8220;4.27.4&#8243; _module_preset=&#8220;default&#8220; header_font=&#8220;||||||||&#8220; header_2_font=&#8220;|||on|||||&#8220; global_colors_info=&#8220;{}&#8220;]<\/p>\n<h2>Logistikdienstleister<\/h2>\n<p>[\/et_pb_text][et_pb_text _builder_version=&#8220;4.27.4&#8243; _module_preset=&#8220;default&#8220; text_text_color=&#8220;#FFFFFF&#8220; global_colors_info=&#8220;{}&#8220;]<\/p>\n<p>Als Logistikdienstleister im G\u00fctertransport und in der Netzwerkdistribution f\u00fchlen wir die Verantwortung, die Waren unserer Auftraggeber als guter Haushalter zu behandeln und sie sorgf\u00e4ltig, p\u00fcnktlich und am richtigen Ort zu liefern.<\/p>\n<p>Dank Cargo-Lock m\u00fcssen unsere Fahrer nicht \u00fcber die Sicherheit ihres Wagens oder ihrer Ladung nachdenken, wenn sie sie f\u00fcr einen Moment nicht im Blick haben. Das System entlastet, sodass wir mit Vertrauen unser Versprechen an den Kunden einhalten k\u00f6nnen. <\/p>\n<p>&#8211; Marco Scholten, Direktor Bode Scholten<\/p>\n<p>[\/et_pb_text][\/et_pb_column][et_pb_column type=&#8220;1_2&#8243; _builder_version=&#8220;4.27.4&#8243; _module_preset=&#8220;default&#8220; global_colors_info=&#8220;{}&#8220;][\/et_pb_column][\/et_pb_row][\/et_pb_section][et_pb_section fb_built=&#8220;1&#8243; custom_padding_last_edited=&#8220;on|phone&#8220; _builder_version=&#8220;4.27.5&#8243; _module_preset=&#8220;default&#8220; background_color=&#8220;rgba(0,0,0,0.33)&#8220; background_image=&#8220;https:\/\/cargolock.jtni.nl\/wp-content\/uploads\/2025\/12\/Cargo-Lock-project-03.webp&#8220; background_blend=&#8220;multiply&#8220; custom_padding=&#8220;150px||150px||true|false&#8220; custom_padding_tablet=&#8220;150px||150px||true|false&#8220; custom_padding_phone=&#8220;50px||50px||true|false&#8220; global_colors_info=&#8220;{}&#8220;][et_pb_row column_structure=&#8220;1_2,1_2&#8243; _builder_version=&#8220;4.27.4&#8243; _module_preset=&#8220;default&#8220; global_colors_info=&#8220;{}&#8220;][et_pb_column type=&#8220;1_2&#8243; _builder_version=&#8220;4.27.4&#8243; _module_preset=&#8220;default&#8220; global_colors_info=&#8220;{}&#8220;][\/et_pb_column][et_pb_column type=&#8220;1_2&#8243; _builder_version=&#8220;4.27.4&#8243; _module_preset=&#8220;default&#8220; global_colors_info=&#8220;{}&#8220;][et_pb_text admin_label=&#8220;Groothandel en totaalleverancier&#8220; _builder_version=&#8220;4.27.4&#8243; _module_preset=&#8220;default&#8220; header_font=&#8220;||||||||&#8220; header_2_font=&#8220;|||on|||||&#8220; global_colors_info=&#8220;{}&#8220;]<\/p>\n<h2>Grosshandel und komplettanbieter<\/h2>\n<p>[\/et_pb_text][et_pb_text _builder_version=&#8220;4.27.4&#8243; _module_preset=&#8220;default&#8220; text_text_color=&#8220;#FFFFFF&#8220; global_colors_info=&#8220;{}&#8220;]<\/p>\n<p>F\u00fcr uns ist es wichtig, dass unsere Fahrzeuge diskret und zuverl\u00e4ssig gesichert sind. Cargo-Lock bietet ein Komplettpaket aus Schl\u00f6ssern, Alarm- und Ortungssystemen, abgestimmt auf unsere W\u00fcnsche. Dank ihrer kurzen Wege und Fachkenntnis ist unser gesamter Fuhrpark, unabh\u00e4ngig vom Fahrzeugtyp, optimal gesch\u00fctzt.  <span class=\"Apple-converted-space\"> <\/span><\/p>\n<p>\u2013 Guido Schoenmakers, Niederlassungsleiter FOOX<span class=\"Apple-converted-space\"> <\/span><\/p>\n<p>[\/et_pb_text][\/et_pb_column][\/et_pb_row][\/et_pb_section][et_pb_section fb_built=&#8220;1&#8243; disabled_on=&#8220;on|on|on&#8220; _builder_version=&#8220;4.27.4&#8243; _module_preset=&#8220;default&#8220; background_color=&#8220;rgba(0,0,0,0.33)&#8220; background_image=&#8220;https:\/\/cargolock.jtni.nl\/wp-content\/uploads\/2025\/11\/Cargolock-achtergrond-project-04.webp&#8220; background_blend=&#8220;multiply&#8220; custom_padding=&#8220;150px||150px||true|false&#8220; disabled=&#8220;on&#8220; global_colors_info=&#8220;{}&#8220;][et_pb_row column_structure=&#8220;1_2,1_2&#8243; _builder_version=&#8220;4.27.4&#8243; _module_preset=&#8220;default&#8220; global_colors_info=&#8220;{}&#8220;][et_pb_column type=&#8220;1_2&#8243; _builder_version=&#8220;4.27.4&#8243; _module_preset=&#8220;default&#8220; global_colors_info=&#8220;{}&#8220;][et_pb_text admin_label=&#8220;Project 4&#8243; _builder_version=&#8220;4.27.4&#8243; _module_preset=&#8220;default&#8220; header_font=&#8220;||||||||&#8220; header_2_font=&#8220;|||on|||||&#8220; global_colors_info=&#8220;{}&#8220;]<\/p>\n<h2>Projekttitel<\/h2>\n<p>[\/et_pb_text][et_pb_text _builder_version=&#8220;4.27.4&#8243; _module_preset=&#8220;default&#8220; text_text_color=&#8220;#FFFFFF&#8220; global_colors_info=&#8220;{}&#8220;]<\/p>\n<div class=\"page\" title=\"Page 5\">\n<div class=\"section\">\n<div class=\"layoutArea\">\n<div class=\"column\">\n<p><span>Kundenrezension hier. Rum ulluptat idit, utempost, sequam, ommo corest <\/span><span>quatur mil intiassum dolorione volorae iduntin issecus experia nonsequam<\/span> <span>doluptat pre pa vent assit, tore volor ra nos eaquamus vendio. Ut rectocullant faciatio. Ur adiatem seque dolupta volorest, officia sitat.<br \/>consequid moditem oluptur solupta quodis ant. Aliquo quatem quati qui officiis<\/span><\/p>\n<p><span>Id quibusam quoditio et earcipi ciendiandi aboreca epudam faccaes cusdantium sequatem est, sequi aut omnim labores toreptam endit latius moluptus arum voloreseque pa pressita venias as et ad que modit rest eumqui temolore, <\/span><span>nihilla posa et autet odi dolorum dendaerum aped quatusape volestia et quis<\/span><span>arume is et dignim ipicipsae. Et optatiis eicaepedit expeliqui raerem aut dit.<\/span><\/p>\n<\/div>\n<\/div>\n<\/div>\n<\/div>\n<p>[\/et_pb_text][\/et_pb_column][et_pb_column type=&#8220;1_2&#8243; _builder_version=&#8220;4.27.4&#8243; _module_preset=&#8220;default&#8220; global_colors_info=&#8220;{}&#8220;][\/et_pb_column][\/et_pb_row][\/et_pb_section][et_pb_section fb_built=&#8220;1&#8243; custom_padding_last_edited=&#8220;on|phone&#8220; _builder_version=&#8220;4.27.5&#8243; _module_preset=&#8220;default&#8220; background_color=&#8220;#D4D2D5&#8243; custom_padding=&#8220;150px||150px||true|false&#8220; custom_padding_tablet=&#8220;150px||150px||true|false&#8220; custom_padding_phone=&#8220;50px||50px||true|false&#8220; locked=&#8220;off&#8220; global_colors_info=&#8220;{}&#8220;][et_pb_row column_structure=&#8220;2_5,3_5&#8243; make_equal=&#8220;on&#8220; _builder_version=&#8220;4.27.4&#8243; _module_preset=&#8220;default&#8220; custom_padding=&#8220;||150px||false|false&#8220; global_colors_info=&#8220;{}&#8220;][et_pb_column type=&#8220;2_5&#8243; _builder_version=&#8220;4.27.4&#8243; _module_preset=&#8220;default&#8220; global_colors_info=&#8220;{}&#8220;][et_pb_image src=&#8220;https:\/\/cargolock.jtni.nl\/wp-content\/uploads\/2025\/12\/Cargo-Lock-Chris-Dijkstra.webp&#8220; title_text=&#8220;Cargo Lock Chris Dijkstra&#8220; _builder_version=&#8220;4.27.4&#8243; _module_preset=&#8220;default&#8220; global_colors_info=&#8220;{}&#8220;][\/et_pb_image][\/et_pb_column][et_pb_column type=&#8220;3_5&#8243; _builder_version=&#8220;4.27.4&#8243; _module_preset=&#8220;default&#8220; custom_css_main_element=&#8220;display: flex; flex-direction: column; justify-content: center;&#8220; global_colors_info=&#8220;{}&#8220;][et_pb_text _builder_version=&#8220;4.27.5&#8243; _module_preset=&#8220;default&#8220; text_font=&#8220;||on||||||&#8220; text_text_color=&#8220;#05152E&#8220; text_font_size=&#8220;16px&#8220; header_2_font=&#8220;||||||||&#8220; header_2_text_color=&#8220;#05152E&#8220; header_3_text_color=&#8220;#05152E&#8220; header_3_font_size=&#8220;30px&#8220; global_colors_info=&#8220;{}&#8220;]<\/p>\n<h3>Versichert von einem System, das <strong>f\u00fcr Sie arbeitet.<\/strong><\/h3>\n<p>[\/et_pb_text][et_pb_image src=&#8220;https:\/\/cargolock.jtni.nl\/wp-content\/uploads\/2025\/12\/Handtekening-Chris-Dijkstra.png&#8220; title_text=&#8220;Unterschrift-Chris Dijkstra&#8220; _builder_version=&#8220;4.27.4&#8243; _module_preset=&#8220;default&#8220; global_colors_info=&#8220;{}&#8220;][\/et_pb_image][et_pb_button button_url=&#8220;@ET-DC@eyJkeW5hbWljIjp0cnVlLCJjb250ZW50IjoicG9zdF9saW5rX3VybF9wYWdlIiwic2V0dGluZ3MiOnsicG9zdF9pZCI6IjY3IiwiZW5hYmxlX2h0bWwiOiJvZmYifX0=@&#8220; button_text=&#8220;Lernen wir uns kennen&#8220; admin_label=&#8220;Laten we kennismaken&#8220; _builder_version=&#8220;4.27.5&#8243; _dynamic_attributes=&#8220;button_url&#8220; _module_preset=&#8220;default&#8220; custom_button=&#8220;on&#8220; button_text_size=&#8220;14px&#8220; button_text_color=&#8220;#05152E&#8220; button_bg_color=&#8220;RGBA(255,255,255,0)&#8220; button_border_width=&#8220;1px&#8220; button_border_color=&#8220;#05152E&#8220; button_border_radius=&#8220;0px&#8220; button_font=&#8220;|||on|||||&#8220; button_icon=&#8220;&#x35;||divi||400&#8243; button_icon_color=&#8220;#05152E&#8220; global_colors_info=&#8220;{}&#8220;][\/et_pb_button][\/et_pb_column][\/et_pb_row][\/et_pb_section][et_pb_section fb_built=&#8220;1&#8243; custom_padding_last_edited=&#8220;on|phone&#8220; _builder_version=&#8220;4.27.5&#8243; _module_preset=&#8220;default&#8220; background_color=&#8220;#FFFFFF&#8220; custom_padding=&#8220;150px||150px||true|false&#8220; custom_padding_tablet=&#8220;150px||150px||true|false&#8220; custom_padding_phone=&#8220;50px||50px||true|false&#8220; locked=&#8220;off&#8220; global_colors_info=&#8220;{}&#8220;][et_pb_row admin_label=&#8220;FAQ&#8220; _builder_version=&#8220;4.27.4&#8243; _module_preset=&#8220;default&#8220; global_module=&#8220;279565&#8243; saved_tabs=&#8220;all&#8220; global_colors_info=&#8220;{}&#8220;][et_pb_column type=&#8220;4_4&#8243; _builder_version=&#8220;4.27.4&#8243; _module_preset=&#8220;default&#8220; global_colors_info=&#8220;{}&#8220;][et_pb_text _builder_version=&#8220;4.27.4&#8243; _module_preset=&#8220;default&#8220; header_2_text_color=&#8220;#05152E&#8220; global_colors_info=&#8220;{}&#8220;]<\/p>\n<h2>H\u00e4ufig gestellte Fragen<\/h2>\n<p>[\/et_pb_text][et_pb_toggle title=&#8220;Wie sicher ist Ihr Handsender?&#8220; icon_color=&#8220;#05152E&#8220; toggle_icon=&#8220;&#x33;||divi||400&#8243; open_icon_color=&#8220;#949598&#8243; admin_label=&#8220;Hoe veilig is jullie handzender?&#8220; _builder_version=&#8220;4.27.4&#8243; _module_preset=&#8220;default&#8220; global_colors_info=&#8220;{}&#8220;]Der Handsender von Cargo-Lock\u00ae geh\u00f6rt zum h\u00f6chsten Sicherheitsstandard auf dem Markt. Dank fortschrittlicher Zwei-Wege-Kommunikation ist er optimal gegen Hacking gesch\u00fctzt und bietet modernste Sicherheit f\u00fcr Ihre Ladung.[\/et_pb_toggle][et_pb_toggle title=&#8220;Ich muss bestimmte Normen einhalten, ist das m\u00f6glich?&#8220; icon_color=&#8220;#05152E&#8220; toggle_icon=&#8220;&#x33;||divi||400&#8243; open_icon_color=&#8220;#949598&#8243; admin_label=&#8220;Ik moet voldoen aan bepaalde normen, kan dat?&#8220; _builder_version=&#8220;4.27.4&#8243; _module_preset=&#8220;default&#8220; global_colors_info=&#8220;{}&#8220;]Ja. Garantiert. Ob es sich um GDP-, HACCP- oder TAPA-Normen handelt: Wir entwerfen und installieren Cargo-Lock\u00ae vollst\u00e4ndig nach diesen Richtlinien. Dabei bleibt die Sicherung sowohl an der Innen- als auch an der Au\u00dfenseite des Fahrzeugs unsichtbar. So sind Sie von einer L\u00f6sung \u00fcberzeugt, die den h\u00f6chsten Anforderungen in Ihrer Branche entspricht, ohne dass dies auf Kosten von Erscheinungsbild oder Funktionalit\u00e4t geht.[\/et_pb_toggle][et_pb_toggle title=&#8220;Funktioniert Cargo-Lock\u00ae sowohl mit 12 als auch mit 24 Volt?&#8220; icon_color=&#8220;#05152E&#8220; toggle_icon=&#8220;&#x33;||divi||400&#8243; open_icon_color=&#8220;#949598&#8243; admin_label=&#8220;Werkt Cargo\u2011Lock\u00ae op zowel 12 als 24 volt?&#8220; _builder_version=&#8220;4.27.5&#8243; _module_preset=&#8220;default&#8220; global_colors_info=&#8220;{}&#8220;]<\/p>\n<p>Ja. Unser System ist multivoltage und funktioniert sowohl bei 12- als auch bei 24-Volt-Fahrzeugen. <\/p>\n<p>[\/et_pb_toggle][et_pb_toggle title=&#8220;Ich habe einen speziellen Wunsch, ist das m\u00f6glich?&#8220; icon_color=&#8220;#05152E&#8220; toggle_icon=&#8220;&#x33;||divi||400&#8243; open_icon_color=&#8220;#949598&#8243; admin_label=&#8220;Ik heb een specifieke wens, is dat mogelijk?&#8220; _builder_version=&#8220;4.27.5&#8243; _module_preset=&#8220;default&#8220; body_link_font=&#8220;||||on||||&#8220; body_link_text_color=&#8220;#05152E&#8220; global_colors_info=&#8220;{}&#8220;]<\/p>\n<p>Dank jahrelanger Erfahrung entwickeln wir nahtlose ma\u00dfgeschneiderte Sicherheitsl\u00f6sungen. Keine Herausforderung ist uns zu verr\u00fcckt. Haben Sie einen einzigartigen Wunsch? Fragen Sie ruhig. Gerade die \u201everr\u00fcckten Ideen&#8220; bringen oft die cleversten Innovationen hervor.    <\/p>\n<p><strong>Beispiele f\u00fcr ma\u00dfgeschneiderte L\u00f6sungen:<\/strong><\/p>\n<ul>\n<li>AWC4W \u2013 Automatic Window Closer for Four Windows<br \/>F\u00fcr einen gro\u00dfen Transport-Unternehmen in Italien und Frankreich mit hunderten Paketverteiler-Fahrzeuge haben wir ein System entwickelt, das beim Abschlie\u00dfen des Fahrzeugs automatisch alle Seitenfenster schlie\u00dft<\/li>\n<li>Tacho-Lock \u2013 Automatische Verriegelung beim Losfahren<br \/>F\u00fcr einen f\u00fchrenden multinationalen Konzern in den Niederlanden haben wir ein System entwickelt, das automatisch die T\u00fcren vom Fahrerhaus verriegelt, sobald sich das Fahrzeug in Bewegung setzt.<br \/>Suchen Sie nach einer L\u00f6sung, die (noch) nicht existiert? Bitte <a href=\"https:\/\/cargolock.jtni.nl\/de\/kontakt\/\">kontaktieren <\/a>sie uns. <\/li>\n<\/ul>\n<p>[\/et_pb_toggle][et_pb_toggle title=&#8220;Kann Cargo-Lock\u00ae auch auf einem Elektrofahrzeug installiert werden?&#8220; icon_color=&#8220;#05152E&#8220; toggle_icon=&#8220;&#x33;||divi||400&#8243; open_icon_color=&#8220;#949598&#8243; admin_label=&#8220;Kan Cargo\u2011Lock\u00ae ook op een elektrisch voertuig?&#8220; _builder_version=&#8220;4.27.4&#8243; _module_preset=&#8220;default&#8220; global_colors_info=&#8220;{}&#8220;]<\/p>\n<p>Ja, das ist \u00fcberhaupt kein Problem<\/p>\n<p>[\/et_pb_toggle][et_pb_toggle title=&#8220;Gibt es eine L\u00f6sung f\u00fcr Nachtlieferungen?&#8220; icon_color=&#8220;#05152E&#8220; toggle_icon=&#8220;&#x33;||divi||400&#8243; open_icon_color=&#8220;#949598&#8243; admin_label=&#8220;Bestaat er een oplossing voor nachtleveringen&#8220; _builder_version=&#8220;4.27.4&#8243; _module_preset=&#8220;default&#8220; global_colors_info=&#8220;{}&#8220;]<\/p>\n<p>Ja, es ist m\u00f6glich, nachts Lieferungen in Ihrem Transporter zu empfangen.<\/p>\n<p>[\/et_pb_toggle][et_pb_toggle title=&#8220;Funktioniert Cargo-Lock\u00ae auch f\u00fcr gemischte Flotten?&#8220; icon_color=&#8220;#05152E&#8220; toggle_icon=&#8220;&#x33;||divi||400&#8243; open_icon_color=&#8220;#949598&#8243; admin_label=&#8220;Werkt Cargo-Lock ook voor gemengde wagenparken?&#8220; _builder_version=&#8220;4.27.5&#8243; _module_preset=&#8220;default&#8220; global_colors_info=&#8220;{}&#8220;]<\/p>\n<p>Ja, wir sind auf gemischte Flotten spezialisiert. Wir sorgen f\u00fcr ein System, das f\u00fcr alle Ihre Fahrzeuge funktioniert. Auf Wunsch k\u00f6nnen wir ein einheitliches System implementieren, das nahtlos f\u00fcr den gesamte Flotte funktioniert, unabh\u00e4ngig von Typ oder Marke.  <\/p>\n<p>Die Vorteile einem einheitlichen System sind:<\/p>\n<ul>\n<li>Einfache Bedienung f\u00fcr Fahrer: Bei wechselnden Fahrern gibt es keine Unklarheit \u00fcber die Bedienung des Systems, was die Fehlerwahrscheinlichkeit erheblich reduziert.<\/li>\n<li>Vollst\u00e4ndiger \u00dcberblick und effizientes Management: Sie erhalten einen klaren, zentralen \u00dcberblick und realisieren eine effiziente Steuerung von dem gesamte Flotte.<\/li>\n<\/ul>\n<p>[\/et_pb_toggle][\/et_pb_column][\/et_pb_row][\/et_pb_section][et_pb_section fb_built=&#8220;1&#8243; custom_padding_last_edited=&#8220;on|phone&#8220; _builder_version=&#8220;4.27.5&#8243; _module_preset=&#8220;default&#8220; background_color=&#8220;#05152E&#8220; custom_padding=&#8220;150px||150px||true|false&#8220; custom_padding_tablet=&#8220;150px||150px||true|false&#8220; custom_padding_phone=&#8220;50px||50px||true|false&#8220; global_colors_info=&#8220;{}&#8220;][et_pb_row _builder_version=&#8220;4.27.4&#8243; _module_preset=&#8220;default&#8220; global_colors_info=&#8220;{}&#8220;][et_pb_column type=&#8220;4_4&#8243; _builder_version=&#8220;4.27.4&#8243; _module_preset=&#8220;default&#8220; global_colors_info=&#8220;{}&#8220;][et_pb_text _builder_version=&#8220;4.27.4&#8243; _module_preset=&#8220;default&#8220; header_2_font=&#8220;||||||||&#8220; header_3_text_color=&#8220;#FFFFFF&#8220; header_3_font_size=&#8220;26px&#8220; global_colors_info=&#8220;{}&#8220;]<\/p>\n<h3>Die Zusammenarbeit mit Cargo-Lock<sup>\u00ae <\/sup>bedeutet:<\/h3>\n<p>[\/et_pb_text][\/et_pb_column][\/et_pb_row][et_pb_row column_structure=&#8220;1_4,1_4,1_4,1_4&#8243; _builder_version=&#8220;4.27.4&#8243; _module_preset=&#8220;default&#8220; global_colors_info=&#8220;{}&#8220;][et_pb_column type=&#8220;1_4&#8243; _builder_version=&#8220;4.27.4&#8243; _module_preset=&#8220;default&#8220; global_colors_info=&#8220;{}&#8220;][et_pb_text admin_label=&#8220;Kwaliteit&#8220; _builder_version=&#8220;4.27.4&#8243; _module_preset=&#8220;default&#8220; text_text_color=&#8220;#FFFFFF&#8220; global_colors_info=&#8220;{}&#8220;]Qualit\u00e4t<br \/>Alles ist bis ins kleinste Detail perfekt, damit Sie Ihre Versprechen immer einhalten k\u00f6nnen.[\/et_pb_text][\/et_pb_column][et_pb_column type=&#8220;1_4&#8243; _builder_version=&#8220;4.27.4&#8243; _module_preset=&#8220;default&#8220; global_colors_info=&#8220;{}&#8220;][et_pb_text admin_label=&#8220;Gebruiksvriendelijk&#8220; _builder_version=&#8220;4.27.4&#8243; _module_preset=&#8220;default&#8220; text_text_color=&#8220;#FFFFFF&#8220; global_colors_info=&#8220;{}&#8220;]<strong>Benutzerfreundlich<\/strong><br \/>\nOffen, wenn Sie es w\u00fcnschen, verriegelt, wenn es n\u00f6tig ist.[\/et_pb_text][\/et_pb_column][et_pb_column type=&#8220;1_4&#8243; _builder_version=&#8220;4.27.4&#8243; _module_preset=&#8220;default&#8220; global_colors_info=&#8220;{}&#8220;][et_pb_text _builder_version=&#8220;4.27.4&#8243; _module_preset=&#8220;default&#8220; text_text_color=&#8220;#FFFFFF&#8220; global_colors_info=&#8220;{}&#8220;]Pers\u00f6nlicher ansprechpartner<br \/>Kurze kommunikationswege zu unseren spezialisten und experten.[\/et_pb_text][\/et_pb_column][et_pb_column type=&#8220;1_4&#8243; _builder_version=&#8220;4.27.4&#8243; _module_preset=&#8220;default&#8220; global_colors_info=&#8220;{}&#8220;][et_pb_text _builder_version=&#8220;4.27.4&#8243; _module_preset=&#8220;default&#8220; text_text_color=&#8220;#FFFFFF&#8220; global_colors_info=&#8220;{}&#8220;]<\/p>\n<p>Fortschrittlich<br \/>Immer zwei Schritte voraus, mit Technologie, die Sicherheit f\u00fcr heute und morgen bietet.<\/p>\n<p>[\/et_pb_text][\/et_pb_column][\/et_pb_row][et_pb_row _builder_version=&#8220;4.27.4&#8243; _module_preset=&#8220;default&#8220; global_colors_info=&#8220;{}&#8220;][et_pb_column type=&#8220;4_4&#8243; _builder_version=&#8220;4.27.4&#8243; _module_preset=&#8220;default&#8220; global_colors_info=&#8220;{}&#8220;][et_pb_button button_url=&#8220;@ET-DC@eyJkeW5hbWljIjp0cnVlLCJjb250ZW50IjoicG9zdF9saW5rX3VybF9wYWdlIiwic2V0dGluZ3MiOnsicG9zdF9pZCI6IjY3IiwiZW5hYmxlX2h0bWwiOiJvZmYifX0=@&#8220; button_text=&#8220;Kontaktieren Sie uns&#8220; _builder_version=&#8220;4.27.5&#8243; _dynamic_attributes=&#8220;button_url&#8220; _module_preset=&#8220;default&#8220; custom_button=&#8220;on&#8220; button_text_size=&#8220;14px&#8220; button_text_color=&#8220;#FFFFFF&#8220; button_border_width=&#8220;1px&#8220; button_border_color=&#8220;#FFFFFF&#8220; button_border_radius=&#8220;0px&#8220; button_font=&#8220;|||on|||||&#8220; button_icon=&#8220;&#x24;||divi||400&#8243; global_colors_info=&#8220;{}&#8220;][\/et_pb_button][\/et_pb_column][\/et_pb_row][\/et_pb_section]<\/p>\n","protected":false},"excerpt":{"rendered":"<p>CARGO-LOCK\u00ae Erschlossenes vertrauen Entdecken Sie eine Auswahl unserer Projekte. Aufgrund unseres hohen Integrit\u00e4tsstandards bleibt der Prozess hinter verschlossenen T\u00fcren. Die Ergebnisse sprechen f\u00fcr sich. Geh\u00f6rt Ihr Projekt bald auch dazu?Spezialisierter (pharmazeutischer) transportF\u00fcr uns ist es wesentlich, dass die GDP-Normen strikt eingehalten werden und dass die Kette geschlossen bleibt. Die Zusammenarbeit mit Cargo-Lock gibt uns die [&hellip;]<\/p>\n","protected":false},"author":1,"featured_media":0,"parent":0,"menu_order":0,"comment_status":"closed","ping_status":"closed","template":"","meta":{"_acf_changed":false,"_et_pb_use_builder":"on","_et_pb_old_content":"","_et_gb_content_width":"","footnotes":""},"difl_page_category":[],"class_list":["post-280131","page","type-page","status-publish","hentry"],"acf":[],"_links":{"self":[{"href":"https:\/\/cargolock.jtni.nl\/de\/wp-json\/wp\/v2\/pages\/280131","targetHints":{"allow":["GET"]}}],"collection":[{"href":"https:\/\/cargolock.jtni.nl\/de\/wp-json\/wp\/v2\/pages"}],"about":[{"href":"https:\/\/cargolock.jtni.nl\/de\/wp-json\/wp\/v2\/types\/page"}],"author":[{"embeddable":true,"href":"https:\/\/cargolock.jtni.nl\/de\/wp-json\/wp\/v2\/users\/1"}],"replies":[{"embeddable":true,"href":"https:\/\/cargolock.jtni.nl\/de\/wp-json\/wp\/v2\/comments?post=280131"}],"version-history":[{"count":5,"href":"https:\/\/cargolock.jtni.nl\/de\/wp-json\/wp\/v2\/pages\/280131\/revisions"}],"predecessor-version":[{"id":280160,"href":"https:\/\/cargolock.jtni.nl\/de\/wp-json\/wp\/v2\/pages\/280131\/revisions\/280160"}],"wp:attachment":[{"href":"https:\/\/cargolock.jtni.nl\/de\/wp-json\/wp\/v2\/media?parent=280131"}],"wp:term":[{"taxonomy":"difl_page_category","embeddable":true,"href":"https:\/\/cargolock.jtni.nl\/de\/wp-json\/wp\/v2\/difl_page_category?post=280131"}],"curies":[{"name":"wp","href":"https:\/\/api.w.org\/{rel}","templated":true}]}}