{"id":280140,"date":"2025-10-15T09:51:52","date_gmt":"2025-10-15T09:51:52","guid":{"rendered":"https:\/\/cargolock.jtni.nl\/stellenangebote\/"},"modified":"2026-02-11T10:44:29","modified_gmt":"2026-02-11T10:44:29","slug":"stellenangebote","status":"publish","type":"page","link":"https:\/\/cargolock.jtni.nl\/de\/stellenangebote\/","title":{"rendered":"Stellenangebote"},"content":{"rendered":"<p>[et_pb_section fb_built=&#8220;1&#8243; custom_padding_last_edited=&#8220;on|desktop&#8220; _builder_version=&#8220;4.27.5&#8243; _module_preset=&#8220;default&#8220; custom_padding=&#8220;150px||150px||false|false&#8220; custom_padding_tablet=&#8220;150px||150px||false|false&#8220; custom_padding_phone=&#8220;50px||50px||true|false&#8220; global_colors_info=&#8220;{}&#8220;][et_pb_row _builder_version=&#8220;4.27.4&#8243; _module_preset=&#8220;default&#8220; global_colors_info=&#8220;{}&#8220;][et_pb_column type=&#8220;4_4&#8243; _builder_version=&#8220;4.27.4&#8243; _module_preset=&#8220;default&#8220; global_colors_info=&#8220;{}&#8220;][et_pb_text _builder_version=&#8220;4.27.4&#8243; _module_preset=&#8220;default&#8220; header_2_font=&#8220;|||on|||||&#8220; header_2_text_color=&#8220;#05152E&#8220; global_colors_info=&#8220;{}&#8220;]<\/p>\n<div class=\"page\" title=\"Page 9\">\n<div class=\"section\">\n<div class=\"layoutArea\">\n<div class=\"column\">\n<h2><span>K\u00fcnstler hinter verschlossen t\u00fcren gesucht<\/span><\/h2>\n<\/div>\n<\/div>\n<\/div>\n<\/div>\n<p>[\/et_pb_text][et_pb_text _builder_version=&#8220;4.27.5&#8243; _module_preset=&#8220;default&#8220; global_colors_info=&#8220;{}&#8220;]<\/p>\n<p>Bei Cargo-Lock\u00ae dreht sich alles um Sicherheit bis ins kleinste Detail. Seit \u00fcber 30 Jahren schaffen wir intelligente Fahrzeugsicherung, die unsichtbar ist, aber f\u00fcr unsere Kunden unverzichtbar <\/p>\n<p><strong>M\u00f6chten Sie Teil dieses Handwerks werden?<\/strong><\/p>\n<p>Bringen Sie Ihre eigenen Ideen und Kreativit\u00e4t ein und helfen Sie, Sicherheit intelligenter zu machen.<\/p>\n<p>[\/et_pb_text][\/et_pb_column][\/et_pb_row][\/et_pb_section][et_pb_section fb_built=&#8220;1&#8243; _builder_version=&#8220;4.27.5&#8243; _module_preset=&#8220;default&#8220; background_enable_color=&#8220;off&#8220; custom_margin=&#8220;||0px||false|false&#8220; custom_padding=&#8220;0px||0px||false|false&#8220; global_colors_info=&#8220;{}&#8220;][et_pb_row _builder_version=&#8220;4.27.4&#8243; _module_preset=&#8220;default&#8220; width=&#8220;100%&#8220; max_width=&#8220;100%&#8220; custom_margin=&#8220;||0px||false|false&#8220; custom_padding=&#8220;||0px||false|false&#8220; global_colors_info=&#8220;{}&#8220;][et_pb_column type=&#8220;4_4&#8243; _builder_version=&#8220;4.27.4&#8243; _module_preset=&#8220;default&#8220; global_colors_info=&#8220;{}&#8220;][et_pb_image src=&#8220;https:\/\/cargolock.jtni.nl\/wp-content\/uploads\/2025\/12\/Cargo-Lock-team.webp&#8220; title_text=&#8220;Cargo Lock team&#8220; force_fullwidth=&#8220;on&#8220; _builder_version=&#8220;4.27.5&#8243; _module_preset=&#8220;default&#8220; global_colors_info=&#8220;{}&#8220;][\/et_pb_image][\/et_pb_column][\/et_pb_row][\/et_pb_section][et_pb_section fb_built=&#8220;1&#8243; custom_padding_last_edited=&#8220;on|phone&#8220; _builder_version=&#8220;4.27.5&#8243; _module_preset=&#8220;default&#8220; use_background_color_gradient=&#8220;on&#8220; background_color_gradient_direction=&#8220;90deg&#8220; background_color_gradient_stops=&#8220;#05152e 0%|#05152e 50%|#ffffff 50%|#ffffff 100%&#8220; custom_margin_tablet=&#8220;&#8220; custom_margin_phone=&#8220;0px||||false|false&#8220; custom_margin_last_edited=&#8220;on|phone&#8220; custom_padding=&#8220;150px||150px||false|false&#8220; custom_padding_tablet=&#8220;150px||150px||false|false&#8220; custom_padding_phone=&#8220;0px||50px||false|false&#8220; background_last_edited=&#8220;on|phone&#8220; use_background_color_gradient_phone=&#8220;off&#8220; global_colors_info=&#8220;{}&#8220;][et_pb_row column_structure=&#8220;1_2,1_2&#8243; use_custom_gutter=&#8220;on&#8220; gutter_width=&#8220;4&#8243; custom_padding_last_edited=&#8220;on|phone&#8220; _builder_version=&#8220;4.27.5&#8243; _module_preset=&#8220;default&#8220; width_tablet=&#8220;&#8220; width_phone=&#8220;100%&#8220; width_last_edited=&#8220;on|desktop&#8220; custom_margin=&#8220;0px||||false|false&#8220; custom_padding_tablet=&#8220;&#8220; custom_padding_phone=&#8220;0px||||false|false&#8220; hover_enabled=&#8220;0&#8243; global_colors_info=&#8220;{}&#8220; sticky_enabled=&#8220;0&#8243;][et_pb_column type=&#8220;1_2&#8243; _builder_version=&#8220;4.27.5&#8243; _module_preset=&#8220;default&#8220; background_color=&#8220;#05152E&#8220; custom_padding=&#8220;||||true|false&#8220; custom_padding_tablet=&#8220;|10%||10%|true|false&#8220; custom_padding_phone=&#8220;50px|10%|50px|10%|true|false&#8220; custom_padding_last_edited=&#8220;on|phone&#8220; hover_enabled=&#8220;0&#8243; global_colors_info=&#8220;{}&#8220; sticky_enabled=&#8220;0&#8243;][et_pb_text admin_label=&#8220;Specialist worden in de praktijk&#8220; _builder_version=&#8220;4.27.4&#8243; _module_preset=&#8220;default&#8220; text_text_color=&#8220;#FFFFFF&#8220; global_colors_info=&#8220;{}&#8220;]<\/p>\n<div class=\"page\" title=\"Page 9\">\n<div class=\"section\">\n<p><strong>Spezialist werden in der Praxis<\/strong><\/p>\n<div class=\"layoutArea\">\n<div class=\"column\">\n<p>Ob Sie Einsteiger sind oder Erfahrung mitbringen: Bei Cargo-Lock\u00ae bekommen Sie die Chance zu wachsen. Wir bilden Sie zum Profi aus, der Sie werden m\u00f6chten. <\/p>\n<\/div>\n<\/div>\n<\/div>\n<\/div>\n<p>[\/et_pb_text][et_pb_divider color=&#8220;#FFFFFF&#8220; divider_position=&#8220;center&#8220; _builder_version=&#8220;4.27.4&#8243; _module_preset=&#8220;default&#8220; width=&#8220;25%&#8220; global_colors_info=&#8220;{}&#8220;][\/et_pb_divider][et_pb_text admin_label=&#8220;Ruimte om vooruit te gaan&#8220; _builder_version=&#8220;4.27.4&#8243; _module_preset=&#8220;default&#8220; text_text_color=&#8220;#FFFFFF&#8220; global_colors_info=&#8220;{}&#8220;]<\/p>\n<div class=\"page\" title=\"Page 9\">\n<div class=\"section\">\n<div class=\"layoutArea\">\n<div class=\"column\">\n<p>Raum, um voranzukommen<br \/>Wir stellen Entwicklung und Innovation in den Mittelpunkt. Sie bekommen Raum, Ihr Handwerk zu vertiefen, neue Ideen einzubringen und an intelligenter Fahrzeugsicherung mit zu arbeiten. <\/p>\n<\/div>\n<\/div>\n<\/div>\n<\/div>\n<p>[\/et_pb_text][et_pb_divider color=&#8220;#FFFFFF&#8220; divider_position=&#8220;center&#8220; _builder_version=&#8220;4.27.4&#8243; _module_preset=&#8220;default&#8220; width=&#8220;25%&#8220; global_colors_info=&#8220;{}&#8220;][\/et_pb_divider][et_pb_text admin_label=&#8220;Projecten die impact maken&#8220; _builder_version=&#8220;4.27.4&#8243; _module_preset=&#8220;default&#8220; text_text_color=&#8220;#FFFFFF&#8220; global_colors_info=&#8220;{}&#8220;]<\/p>\n<div class=\"page\" title=\"Page 9\">\n<div class=\"section\">\n<div class=\"layoutArea\">\n<div class=\"column\">\n<p>Projekte, die Wirkung zeigen<br \/>Bei Cargo-Lock\u00ae zu arbeiten bedeutet, an intelligenten Sicherheitssystemen f\u00fcr Schl\u00fcsselakteure in der Transportwelt mitzuarbeiten. Kein Projekt ist gleich und Ihre Arbeit macht den Unterschied. <\/p>\n<\/div>\n<\/div>\n<\/div>\n<\/div>\n<p>[\/et_pb_text][\/et_pb_column][et_pb_column type=&#8220;1_2&#8243; _builder_version=&#8220;4.27.5&#8243; _module_preset=&#8220;default&#8220; custom_padding=&#8220;||||false|false&#8220; custom_padding_tablet=&#8220;|10%|||false|false&#8220; custom_padding_phone=&#8220;50px|10%|50px|10%|true|true&#8220; custom_padding_last_edited=&#8220;on|phone&#8220; hover_enabled=&#8220;0&#8243; background_last_edited=&#8220;off|phone&#8220; background_enable_color_phone=&#8220;off&#8220; global_colors_info=&#8220;{}&#8220; sticky_enabled=&#8220;0&#8243;][et_pb_text admin_label=&#8220;Ons DNA&#8220; _builder_version=&#8220;4.27.4&#8243; _module_preset=&#8220;default&#8220; header_2_text_color=&#8220;#05152E&#8220; global_colors_info=&#8220;{}&#8220;]<\/p>\n<div class=\"page\" title=\"Page 9\">\n<div class=\"section\">\n<div class=\"layoutArea\">\n<div class=\"column\">\n<h2>Unsere DNA<\/h2>\n<\/div>\n<\/div>\n<\/div>\n<\/div>\n<p>[\/et_pb_text][et_pb_text _builder_version=&#8220;4.27.4&#8243; _module_preset=&#8220;default&#8220; global_colors_info=&#8220;{}&#8220;]<\/p>\n<div class=\"page\" title=\"Page 9\">\n<div class=\"section\">\n<div class=\"layoutArea\">\n<div class=\"column\">\n<p>Unser Familienunternehmen hat sich in den letzten Jahren zu einem <strong>qualitativ hochwertigen Firma<\/strong> entwickelt, und darauf sind wir stolz.<\/p>\n<p><span>Diese Familienwerte sp\u00fcren Sie noch immer in allem, was wir tun: Kurze Wege, Engagement und Verantwortung liegen in unserer DNA. Wir bauen langfristige Beziehungen auf, mit unseren Mitarbeitern und mit unseren Kunden, und bleiben Qualit\u00e4t, Zuverl\u00e4ssigkeit und kontinuierlicher Innovation treu. <\/span><\/p>\n<\/div>\n<\/div>\n<\/div>\n<\/div>\n<p>[\/et_pb_text][et_pb_button button_url=&#8220;mailto:info@cargolock.nl&#8220; button_text=&#8220;Initiativebewerbung&#8220; admin_label=&#8220;Open sollicitatie&#8220; _builder_version=&#8220;4.27.5&#8243; _module_preset=&#8220;default&#8220; custom_button=&#8220;on&#8220; button_text_size=&#8220;16px&#8220; button_text_color=&#8220;#05152E&#8220; button_bg_color=&#8220;#FFFFFF&#8220; button_border_width=&#8220;1px&#8220; button_border_color=&#8220;#05152E&#8220; button_border_radius=&#8220;0px&#8220; button_font=&#8220;|||on|||||&#8220; button_icon=&#8220;&#x24;||divi||400&#8243; global_colors_info=&#8220;{}&#8220;][\/et_pb_button][\/et_pb_column][\/et_pb_row][\/et_pb_section][et_pb_section fb_built=&#8220;1&#8243; disabled_on=&#8220;on|on|on&#8220; _builder_version=&#8220;4.27.5&#8243; _module_preset=&#8220;default&#8220; background_color=&#8220;#D4D2D5&#8243; custom_padding=&#8220;150px||150px||true|false&#8220; disabled=&#8220;on&#8220; global_colors_info=&#8220;{}&#8220;][et_pb_row _builder_version=&#8220;4.27.4&#8243; _module_preset=&#8220;default&#8220; global_colors_info=&#8220;{}&#8220;][et_pb_column type=&#8220;4_4&#8243; _builder_version=&#8220;4.27.4&#8243; _module_preset=&#8220;default&#8220; global_colors_info=&#8220;{}&#8220;][et_pb_text admin_label=&#8220;Vacatures uitgelicht&#8220; _builder_version=&#8220;4.27.5&#8243; _module_preset=&#8220;default&#8220; global_colors_info=&#8220;{}&#8220;]<\/p>\n<div class=\"page\" title=\"Page 9\">\n<div class=\"section\">\n<div class=\"layoutArea\">\n<div class=\"column\">\n<h2>Ausgew\u00e4hlte Stellenangebote<\/h2>\n<\/div>\n<\/div>\n<\/div>\n<\/div>\n<p>[\/et_pb_text][\/et_pb_column][\/et_pb_row][et_pb_row _builder_version=&#8220;4.27.4&#8243; _module_preset=&#8220;default&#8220; background_color=&#8220;#FFFFFF&#8220; custom_padding=&#8220;50px|50px|50px|50px|true|true&#8220; global_colors_info=&#8220;{}&#8220;][et_pb_column type=&#8220;4_4&#8243; _builder_version=&#8220;4.27.4&#8243; _module_preset=&#8220;default&#8220; global_colors_info=&#8220;{}&#8220;][et_pb_text admin_label=&#8220;Junior Automotive Elektromonteur&#8220; _builder_version=&#8220;4.27.4&#8243; _module_preset=&#8220;default&#8220; global_colors_info=&#8220;{}&#8220;]<\/p>\n<h3>Einbauspezialist!<\/h3>\n<p>Ihr Beruf endet nicht mit der Installation, er beginnt erst hier! Erweitern Sie Ihr Programmier-, Test- und Fachwissen im Bereich Fahrzeugsicherheit mit Schulungen und anspruchsvollen Projekten.  <\/p>\n<p>Als Installationsspezialist arbeiten Sie an fortschrittlichen Sicherheitsl\u00f6sungen f\u00fcr verschiedene Fahrzeuge, vom Pkw bis zum Transporter. Du installierst und montierst Alarmanlagen, Ortungssysteme und Wegfahrsperren, baust Pin-Schl\u00f6sser und Sensoren ein und nimmst Konfigurationen und Programmierungen vor, bis alles perfekt zusammenspielt. Mit Ihrer technischen Pr\u00e4zision und Ihrem Blick f\u00fcr Qualit\u00e4t sorgen Sie daf\u00fcr, dass jede Anlage zuverl\u00e4ssig und sicher funktioniert.[\/et_pb_text][et_pb_button button_url=&#8220;&lt;!&#8211;&#91;CDATA&#91;https:\/\/toppa.nl\/vacature\/elektromonteur-automotive-bij-cargo-security-systems\/&#93;&#93;&#8211;&gt;&#8220; url_new_window=&#8220;on&#8220; button_text=&#8220;Stelle ansehen&#8220; admin_label=&#8220;Bekijk vacature&#8220; _builder_version=&#8220;4.27.4&#8243; _module_preset=&#8220;default&#8220; custom_button=&#8220;on&#8220; button_text_size=&#8220;16px&#8220; button_text_color=&#8220;#05152E&#8220; button_bg_color=&#8220;#FFFFFF&#8220; button_border_width=&#8220;1px&#8220; button_border_color=&#8220;#05152E&#8220; button_border_radius=&#8220;0px&#8220; button_font=&#8220;|||on|||||&#8220; button_icon=&#8220;&#x24;||divi||400&#8243; global_colors_info=&#8220;{}&#8220;][\/et_pb_button][\/et_pb_column][\/et_pb_row][\/et_pb_section][et_pb_section fb_built=&#8220;1&#8243; custom_padding_last_edited=&#8220;on|phone&#8220; _builder_version=&#8220;4.27.5&#8243; _module_preset=&#8220;default&#8220; background_color=&#8220;rgba(5,21,46,0.7)&#8220; background_image=&#8220;https:\/\/cargolock.jtni.nl\/wp-content\/uploads\/2025\/12\/Cargo-Lock-achtergrond-medewerker-aan-het-woord-1.webp&#8220; background_blend=&#8220;multiply&#8220; custom_padding=&#8220;150px||150px||true|false&#8220; custom_padding_tablet=&#8220;150px||150px||true|false&#8220; custom_padding_phone=&#8220;50px||50px||true|false&#8220; global_colors_info=&#8220;{}&#8220;][et_pb_row column_structure=&#8220;1_2,1_2&#8243; _builder_version=&#8220;4.27.4&#8243; _module_preset=&#8220;default&#8220; global_colors_info=&#8220;{}&#8220;][et_pb_column type=&#8220;1_2&#8243; _builder_version=&#8220;4.27.4&#8243; _module_preset=&#8220;default&#8220; global_colors_info=&#8220;{}&#8220;][et_pb_text _builder_version=&#8220;4.27.4&#8243; _module_preset=&#8220;default&#8220; header_text_color=&#8220;#FFFFFF&#8220; header_2_text_color=&#8220;#FFFFFF&#8220; global_colors_info=&#8220;{}&#8220;]<\/p>\n<div class=\"page\" title=\"Page 9\">\n<div class=\"section\">\n<div class=\"layoutArea\">\n<div class=\"column\">\n<h2>Warum bei CARGO-LOCK\u00ae arbeiten?<\/h2>\n<\/div>\n<\/div>\n<\/div>\n<\/div>\n<p>[\/et_pb_text][et_pb_text _builder_version=&#8220;4.27.4&#8243; _module_preset=&#8220;default&#8220; text_text_color=&#8220;#FFFFFF&#8220; global_colors_info=&#8220;{}&#8220;]<\/p>\n<div class=\"page\" title=\"Page 9\">\n<div class=\"section\">\n<div class=\"layoutArea\">\n<div class=\"column\">\n<p><span>Mitarbeiter spricht. Mus mi, tem qui blantem se nimaione laboratio cuscit eaquiam sinctatiusa venis et lautesto in esequam veria que con prepro eniae doluptatqui ipienis doluptis doloribus maio. <\/span><\/p>\n<p><span>Dipsam et im autectem quam ant apedit aut parumqu assunt fuga. Et eos doluptat quunt eation comnihi llabo. Ipicide lliquibea vel ea voluptam ex eaquametum natem aut aut officillit aut aliqui bearum quid modi di occae pro tem sime conseque sinveris aut aut et as rem vollum ex es alitaspit labor seriatestrum essit volupta spernam entur.  <\/span><\/p>\n<\/div>\n<\/div>\n<\/div>\n<\/div>\n<p>[\/et_pb_text][et_pb_button button_text=&#8220;Jetzt bewerben&#8220; disabled_on=&#8220;on|on|on&#8220; admin_label=&#8220;Solliciteer direct&#8220; _builder_version=&#8220;4.27.5&#8243; _module_preset=&#8220;default&#8220; custom_button=&#8220;on&#8220; button_text_size=&#8220;16px&#8220; button_text_color=&#8220;#FFFFFF&#8220; button_border_width=&#8220;1px&#8220; button_border_radius=&#8220;0px&#8220; button_font=&#8220;|||on|||||&#8220; button_icon=&#8220;&#x24;||divi||400&#8243; disabled=&#8220;on&#8220; global_colors_info=&#8220;{}&#8220;][\/et_pb_button][\/et_pb_column][et_pb_column type=&#8220;1_2&#8243; _builder_version=&#8220;4.27.4&#8243; _module_preset=&#8220;default&#8220; global_colors_info=&#8220;{}&#8220;][\/et_pb_column][\/et_pb_row][\/et_pb_section][et_pb_section fb_built=&#8220;1&#8243; custom_padding_last_edited=&#8220;on|phone&#8220; _builder_version=&#8220;4.27.5&#8243; _module_preset=&#8220;default&#8220; custom_padding=&#8220;150px||150px||true|false&#8220; custom_padding_tablet=&#8220;150px||150px||true|false&#8220; custom_padding_phone=&#8220;50px||50px||true|false&#8220; global_colors_info=&#8220;{}&#8220;][et_pb_row column_structure=&#8220;2_5,3_5&#8243; make_equal=&#8220;on&#8220; _builder_version=&#8220;4.27.4&#8243; _module_preset=&#8220;default&#8220; global_colors_info=&#8220;{}&#8220;][et_pb_column type=&#8220;2_5&#8243; _builder_version=&#8220;4.27.4&#8243; _module_preset=&#8220;default&#8220; global_colors_info=&#8220;{}&#8220;][et_pb_image src=&#8220;https:\/\/cargolock.jtni.nl\/wp-content\/uploads\/2025\/11\/Cargo-Lock-medewerker-01.webp&#8220; title_text=&#8220;Cargo Lock Mitarbeiter-01&#8243; _builder_version=&#8220;4.27.5&#8243; _module_preset=&#8220;default&#8220; global_colors_info=&#8220;{}&#8220;][\/et_pb_image][\/et_pb_column][et_pb_column type=&#8220;3_5&#8243; _builder_version=&#8220;4.27.4&#8243; _module_preset=&#8220;default&#8220; custom_css_main_element=&#8220;display: flex; flex-direction: column; justify-content: center;&#8220; global_colors_info=&#8220;{}&#8220;][et_pb_text _builder_version=&#8220;4.27.4&#8243; _module_preset=&#8220;default&#8220; global_colors_info=&#8220;{}&#8220;]<\/p>\n<p>Unsere Arbeit erfordert Diskretion. Unsere Kunden sch\u00e4tzen es, dass wir nicht auf der gro\u00dfen B\u00fchne stehen, sondern hinter den Kulissen an L\u00f6sungen arbeiten, die wirklich den Unterschied machen. <\/p>\n<p>Vieles von dem, was wir tun, k\u00f6nnen wir nicht ausf\u00fchrlich teilen; neue Kollegen finden uns oft \u00fcber Mundpropaganda, weil sie von den besonderen Projekten und tollen Kunden h\u00f6ren, f\u00fcr die wir arbeiten.<\/p>\n<p><strong>Neugierig, was hinter verschlossenen T\u00fcren passiert?<\/strong><br \/>Kommen Sie gerne einen Tag lang mit und entdecken Sie unsere innovativen Systeme und die Kultur, in der wir zusammenarbeiten.<\/p>\n<p>[\/et_pb_text][et_pb_image src=&#8220;https:\/\/cargolock.jtni.nl\/wp-content\/uploads\/2025\/12\/Handtekening-Chris-Dijkstra.webp&#8220; title_text=&#8220;Unterschrift-Chris Dijkstra&#8220; _builder_version=&#8220;4.27.4&#8243; _module_preset=&#8220;default&#8220; global_colors_info=&#8220;{}&#8220;][\/et_pb_image][\/et_pb_column][\/et_pb_row][\/et_pb_section]<\/p>\n","protected":false},"excerpt":{"rendered":"<p>K\u00fcnstler hinter verschlossen t\u00fcren gesucht Bei Cargo-Lock\u00ae dreht sich alles um Sicherheit bis ins kleinste Detail. Seit \u00fcber 30 Jahren schaffen wir intelligente Fahrzeugsicherung, die unsichtbar ist, aber f\u00fcr unsere Kunden unverzichtbar M\u00f6chten Sie Teil dieses Handwerks werden? Bringen Sie Ihre eigenen Ideen und Kreativit\u00e4t ein und helfen Sie, Sicherheit intelligenter zu machen. Spezialist werden [&hellip;]<\/p>\n","protected":false},"author":1,"featured_media":0,"parent":0,"menu_order":0,"comment_status":"closed","ping_status":"closed","template":"","meta":{"_acf_changed":false,"_et_pb_use_builder":"on","_et_pb_old_content":"","_et_gb_content_width":"","footnotes":""},"difl_page_category":[],"class_list":["post-280140","page","type-page","status-publish","hentry"],"acf":[],"_links":{"self":[{"href":"https:\/\/cargolock.jtni.nl\/de\/wp-json\/wp\/v2\/pages\/280140","targetHints":{"allow":["GET"]}}],"collection":[{"href":"https:\/\/cargolock.jtni.nl\/de\/wp-json\/wp\/v2\/pages"}],"about":[{"href":"https:\/\/cargolock.jtni.nl\/de\/wp-json\/wp\/v2\/types\/page"}],"author":[{"embeddable":true,"href":"https:\/\/cargolock.jtni.nl\/de\/wp-json\/wp\/v2\/users\/1"}],"replies":[{"embeddable":true,"href":"https:\/\/cargolock.jtni.nl\/de\/wp-json\/wp\/v2\/comments?post=280140"}],"version-history":[{"count":2,"href":"https:\/\/cargolock.jtni.nl\/de\/wp-json\/wp\/v2\/pages\/280140\/revisions"}],"predecessor-version":[{"id":280143,"href":"https:\/\/cargolock.jtni.nl\/de\/wp-json\/wp\/v2\/pages\/280140\/revisions\/280143"}],"wp:attachment":[{"href":"https:\/\/cargolock.jtni.nl\/de\/wp-json\/wp\/v2\/media?parent=280140"}],"wp:term":[{"taxonomy":"difl_page_category","embeddable":true,"href":"https:\/\/cargolock.jtni.nl\/de\/wp-json\/wp\/v2\/difl_page_category?post=280140"}],"curies":[{"name":"wp","href":"https:\/\/api.w.org\/{rel}","templated":true}]}}