{"id":280151,"date":"2025-11-24T08:02:37","date_gmt":"2025-11-24T08:02:37","guid":{"rendered":"https:\/\/cargolock.jtni.nl\/welkom\/"},"modified":"2026-02-28T12:17:52","modified_gmt":"2026-02-28T12:17:52","slug":"welkom","status":"publish","type":"page","link":"https:\/\/cargolock.jtni.nl\/de\/","title":{"rendered":"Welkom"},"content":{"rendered":"<p>[et_pb_section fb_built=&#8220;1&#8243; _builder_version=&#8220;4.27.4&#8243; _module_preset=&#8220;default&#8220; custom_margin=&#8220;0px||0px||false|false&#8220; custom_padding=&#8220;0px||0px||false|false&#8220; global_colors_info=&#8220;{}&#8220;][et_pb_row admin_label=&#8220;Zeile&#8220; _builder_version=&#8220;4.27.4&#8243; _module_preset=&#8220;default&#8220; width=&#8220;100%&#8220; max_width=&#8220;100%&#8220; custom_padding=&#8220;0px||0px||false|false&#8220; global_colors_info=&#8220;{}&#8220;][et_pb_column type=&#8220;4_4&#8243; _builder_version=&#8220;4.27.4&#8243; _module_preset=&#8220;default&#8220; global_colors_info=&#8220;{}&#8220;][et_pb_slider _builder_version=&#8220;4.27.5&#8243; _module_preset=&#8220;default&#8220; header_level=&#8220;h1&#8243; header_font_size=&#8220;60px&#8220; height=&#8220;100vh&#8220; animation_style=&#8220;fade&#8220; auto=&#8220;on&#8220; auto_ignore_hover=&#8220;on&#8220; hover_enabled=&#8220;0&#8243; global_colors_info=&#8220;{}&#8220; auto_speed=&#8220;3000&#8243; sticky_enabled=&#8220;0&#8243;][et_pb_slide heading=&#8220;Wenn Ihre Ladung es <strong>wert <\/strong>ist &#8220; _builder_version=&#8220;4.27.4&#8243; _module_preset=&#8220;default&#8220; background_enable_color=&#8220;off&#8220; background_image=&#8220;https:\/\/cargolock.jtni.nl\/wp-content\/uploads\/2025\/11\/cargolock-Als-uw-lading-het-waard-is-achtergrond.webp&#8220; background_enable_image=&#8220;on&#8220; global_colors_info=&#8220;{}&#8220; sticky_transition=&#8220;on&#8220;][\/et_pb_slide][et_pb_slide heading=&#8220;Wenn Ihre Schmuckkollektion es <strong>wert<\/strong> ist&#8220; _builder_version=&#8220;4.27.4&#8243; _module_preset=&#8220;default&#8220; background_enable_color=&#8220;off&#8220; background_image=&#8220;https:\/\/cargolock.jtni.nl\/wp-content\/uploads\/2025\/11\/cargolock-Als-uw-collectie-het-waard-is-achtergrond.webp&#8220; background_enable_image=&#8220;on&#8220; global_colors_info=&#8220;{}&#8220; sticky_transition=&#8220;on&#8220;][\/et_pb_slide][et_pb_slide heading=&#8220;Wenn Ihre Waren es <strong>wert <\/strong>sind&#8220; _builder_version=&#8220;4.27.4&#8243; _module_preset=&#8220;default&#8220; background_enable_color=&#8220;off&#8220; background_image=&#8220;https:\/\/cargolock.jtni.nl\/wp-content\/uploads\/2025\/11\/cargolock-Als-uw-spullen-het-waard-zijn-achtergrond.webp&#8220; background_enable_image=&#8220;on&#8220; global_colors_info=&#8220;{}&#8220; sticky_transition=&#8220;on&#8220;][\/et_pb_slide][\/et_pb_slider][et_pb_image src=&#8220;https:\/\/cargolock.jtni.nl\/wp-content\/uploads\/2025\/11\/cargolock-arrow-2.png&#8220; title_text=&#8220;cargolock-arrow-2&#8243; url=&#8220;#verzekerd&#8220; align=&#8220;center&#8220; _builder_version=&#8220;4.27.4&#8243; _module_preset=&#8220;default&#8220; positioning=&#8220;absolute&#8220; position_origin_a=&#8220;bottom_center&#8220; vertical_offset=&#8220;200px&#8220; z_index=&#8220;10&#8243; global_colors_info=&#8220;{}&#8220;][\/et_pb_image][\/et_pb_column][\/et_pb_row][\/et_pb_section][et_pb_section fb_built=&#8220;1&#8243; custom_padding_last_edited=&#8220;on|phone&#8220; module_id=&#8220;Versichert&#8220; _builder_version=&#8220;4.27.5&#8243; _module_preset=&#8220;default&#8220; custom_padding=&#8220;150px||150px||true|false&#8220; custom_padding_tablet=&#8220;150px||150px||true|false&#8220; custom_padding_phone=&#8220;50px||50px||false|false&#8220; global_colors_info=&#8220;{}&#8220;][et_pb_row column_structure=&#8220;2_3,1_3&#8243; _builder_version=&#8220;4.27.4&#8243; _module_preset=&#8220;default&#8220; global_colors_info=&#8220;{}&#8220;][et_pb_column type=&#8220;2_3&#8243; _builder_version=&#8220;4.27.4&#8243; _module_preset=&#8220;default&#8220; global_colors_info=&#8220;{}&#8220;][et_pb_text admin_label=&#8220;VERZEKERD VAN WAARDE MET CARGO-LOCK\u00ae&#8220; _builder_version=&#8220;4.27.4&#8243; _module_preset=&#8220;default&#8220; header_2_text_color=&#8220;#05152E&#8220; custom_css_free_form=&#8220;sup { vertical-align:middle; font-size:50%; }&#8220; global_colors_info=&#8220;{}&#8220;]<\/p>\n<h2>Wertversichert <\/br>mit CARGO-LOCK<sup>\u00ae<\/sup><\/h2>\n<p>[\/et_pb_text][et_pb_text _builder_version=&#8220;4.27.5&#8243; _module_preset=&#8220;default&#8220; global_colors_info=&#8220;{}&#8220;]<\/p>\n<p>Als Werttransporteur wollen Sie eines: Sicherheit. Geschwindigkeit ist wichtig, aber Sicherheit ist heilig. Mit Cargo-Lock\u00ae vertrauen Sie auf intelligente Fahrzeugsicherung, die menschliche Fehler ausschlie\u00dft: entwickelt, um f\u00fcr Sie zu arbeiten. Damit Sie Ihren Ruf st\u00e4rken, 24\/7 wertversichert sind und sich in voller Freiheit bewegen k\u00f6nnen.   <\/p>\n<p>[\/et_pb_text][et_pb_text _builder_version=&#8220;4.27.4&#8243; _module_preset=&#8220;default&#8220; global_colors_info=&#8220;{}&#8220;]<strong><i>Cargo-Lock\u00ae. Seit Jahrzehnten das Sicherheitssystem, das f\u00fchrende Organisationen einsetzen, um Ladungsdiebstahl in allen Fahrzeugtypen zu verhindern. <\/i><\/strong>[\/et_pb_text][et_pb_text _builder_version=&#8220;4.27.4&#8243; _module_preset=&#8220;default&#8220; global_colors_info=&#8220;{}&#8220;]<\/p>\n<p>Alles ma\u00dfgeschneidert. Wir h\u00f6ren auf Ihre W\u00fcnsche und Ziele. Wir denken mit Ihnen mit, geben nicht immer das, was Sie zun\u00e4chst fragen, aber genau das, was Sie brauchen.  <\/p>\n<p><strong>Beruhigung. Garantiert. <\/strong><\/p>\n<p>Das macht uns zu einem gesch\u00e4tzten Partner von Beh\u00f6rden, Distribution und Werttransport.<\/p>\n<p>[\/et_pb_text][et_pb_button button_url=&#8220;@ET-DC@eyJkeW5hbWljIjp0cnVlLCJjb250ZW50IjoicG9zdF9saW5rX3VybF9wYWdlIiwic2V0dGluZ3MiOnsicG9zdF9pZCI6IjExNzgifX0=@&#8220; button_text=&#8220;Unsere expertise&#8220; _builder_version=&#8220;4.27.5&#8243; _dynamic_attributes=&#8220;button_url&#8220; _module_preset=&#8220;default&#8220; custom_button=&#8220;on&#8220; button_text_size=&#8220;14px&#8220; button_text_color=&#8220;#05152E&#8220; button_bg_color=&#8220;#FFFFFF&#8220; button_border_width=&#8220;1px&#8220; button_border_color=&#8220;#05152E&#8220; button_border_radius=&#8220;0px&#8220; button_font=&#8220;centurygothic|||on|||||&#8220; button_icon=&#8220;&#x35;||divi||400&#8243; global_colors_info=&#8220;{}&#8220;][\/et_pb_button][\/et_pb_column][et_pb_column type=&#8220;1_3&#8243; _builder_version=&#8220;4.27.4&#8243; _module_preset=&#8220;default&#8220; global_colors_info=&#8220;{}&#8220;][et_pb_text disabled_on=&#8220;off|off|off&#8220; admin_label=&#8220;WORD SPECIALIST&#8220; _builder_version=&#8220;4.27.5&#8243; _dynamic_attributes=&#8220;link_option_url&#8220; _module_preset=&#8220;default&#8220; text_text_color=&#8220;#FFFFFF&#8220; background_color=&#8220;#949598&#8243; transform_translate=&#8220;65px|0px&#8220; transform_translate_linked=&#8220;off&#8220; transform_rotate=&#8220;0deg|0deg|270deg&#8220; positioning=&#8220;fixed&#8220; position_origin_a=&#8220;center_right&#8220; position_origin_f=&#8220;center_right&#8220; text_orientation=&#8220;center&#8220; width=&#8220;160px&#8220; custom_margin=&#8220;0px||0px||false|false&#8220; link_option_url=&#8220;@ET-DC@eyJkeW5hbWljIjp0cnVlLCJjb250ZW50IjoicG9zdF9saW5rX3VybF9wYWdlIiwic2V0dGluZ3MiOnsicG9zdF9pZCI6IjcxIn19@&#8220; global_module=&#8220;279923&#8243; saved_tabs=&#8220;all&#8220; locked=&#8220;off&#8220; global_colors_info=&#8220;{}&#8220;]<\/p>\n<p>WORD SPECIALIST<\/p>\n<p>[\/et_pb_text][\/et_pb_column][\/et_pb_row][\/et_pb_section][et_pb_section fb_built=&#8220;1&#8243; _builder_version=&#8220;4.27.4&#8243; _module_preset=&#8220;default&#8220; background_color=&#8220;rgba(0,0,0,0.6)&#8220; background_image=&#8220;https:\/\/cargolock.jtni.nl\/wp-content\/uploads\/2025\/11\/Cargo-Lock_kunsternaars-achtergrond-2.webp&#8220; background_blend=&#8220;multiply&#8220; custom_padding=&#8220;150px||150px||true|false&#8220; global_colors_info=&#8220;{}&#8220;][et_pb_row column_structure=&#8220;1_2,1_2&#8243; _builder_version=&#8220;4.27.4&#8243; _module_preset=&#8220;default&#8220; global_colors_info=&#8220;{}&#8220;][et_pb_column type=&#8220;1_2&#8243; _builder_version=&#8220;4.27.4&#8243; _module_preset=&#8220;default&#8220; global_colors_info=&#8220;{}&#8220;][\/et_pb_column][et_pb_column type=&#8220;1_2&#8243; _builder_version=&#8220;4.27.4&#8243; _module_preset=&#8220;default&#8220; global_colors_info=&#8220;{}&#8220;][et_pb_heading title=&#8220;Wir sind k\u00fcnstler hinter verschlossen t\u00fcren&#8220; admin_label=&#8220;Wij zijn kunstenaars achter gesloten deuren&#8220; _builder_version=&#8220;4.27.5&#8243; _module_preset=&#8220;default&#8220; title_level=&#8220;h2&#8243; title_font=&#8220;|||on|||||&#8220; title_text_color=&#8220;#FFFFFF&#8220; global_colors_info=&#8220;{}&#8220;][\/et_pb_heading][et_pb_text _builder_version=&#8220;4.27.4&#8243; _module_preset=&#8220;default&#8220; text_text_color=&#8220;#FFFFFF&#8220; global_colors_info=&#8220;{}&#8220;]<\/p>\n<div class=\"page\" title=\"Page 4\">\n<div class=\"section\">\n<div class=\"layoutArea\">\n<div class=\"column\">\n<p>\u00dcber 30 Jahre der Spezialist f\u00fcr intelligente Fahrzeugsicherung, mit einem bew\u00e4hrten und zuverl\u00e4ssigen System, eigenen zertifizierten Mitarbeitern und einer einzigartigen Arbeitsweise.<\/p>\n<p>Wir arbeiten mit Aufmerksamkeit. Mit Blick f\u00fcrs Detail, Liebe zum Handwerk und dem Mut, Sicherheit auf fortschrittliche Weise zu gestalten. Cargo-Lock\u00ae ist nicht f\u00fcr diejenigen, die nach einer schnellen Standardl\u00f6sung suchen, sondern f\u00fcr diejenigen, die einen Partner brauchen, der:  <\/p>\n<p>\u2022 Denkt ausgehend vom Risiko und Rhythmus des Benutzers<br \/>\u2022 Versteht, was Diskretion bedeutet<br \/>\u2022 Sicherheit bis ins Detail umsetzt, ohne Kompromisse<br \/>\u2022 L\u00f6sungen entwickelt, die mit der neuesten Fahrzeuggeneration mitwachsen.<\/p>\n<\/div>\n<\/div>\n<\/div>\n<\/div>\n<p>[\/et_pb_text][et_pb_button button_url=&#8220;@ET-DC@eyJkeW5hbWljIjp0cnVlLCJjb250ZW50IjoicG9zdF9saW5rX3VybF9wYWdlIiwic2V0dGluZ3MiOnsicG9zdF9pZCI6IjYwIn19@&#8220; button_text=&#8220; \u00dcber CARGOLOCK&#8220; admin_label=&#8220; OVER CARGOLOCK&#8220; _builder_version=&#8220;4.27.5&#8243; _dynamic_attributes=&#8220;button_url&#8220; _module_preset=&#8220;default&#8220; custom_button=&#8220;on&#8220; button_text_size=&#8220;14px&#8220; button_text_color=&#8220;#FFFFFF&#8220; button_border_width=&#8220;1px&#8220; button_border_color=&#8220;#FFFFFF&#8220; button_border_radius=&#8220;0px&#8220; button_font=&#8220;Gotham Book||||||||&#8220; button_icon=&#8220;&#x35;||divi||400&#8243; global_colors_info=&#8220;{}&#8220;][\/et_pb_button][\/et_pb_column][\/et_pb_row][\/et_pb_section][et_pb_section fb_built=&#8220;1&#8243; custom_padding_last_edited=&#8220;on|phone&#8220; _builder_version=&#8220;4.27.5&#8243; _module_preset=&#8220;default&#8220; background_color=&#8220;#05152E&#8220; custom_padding=&#8220;150px||150px||true|false&#8220; custom_padding_tablet=&#8220;150px||150px||true|false&#8220; custom_padding_phone=&#8220;50px||50px||true|false&#8220; global_colors_info=&#8220;{}&#8220;][et_pb_row column_structure=&#8220;1_4,3_4&#8243; _builder_version=&#8220;4.27.4&#8243; _module_preset=&#8220;default&#8220; global_colors_info=&#8220;{}&#8220;][et_pb_column type=&#8220;1_4&#8243; _builder_version=&#8220;4.27.4&#8243; _module_preset=&#8220;default&#8220; global_colors_info=&#8220;{}&#8220;][et_pb_image src=&#8220;https:\/\/cargolock.jtni.nl\/wp-content\/uploads\/2025\/11\/Cargolock-logo.png&#8220; title_text=&#8220;Cargolock-logo&#8220; _builder_version=&#8220;4.27.4&#8243; _module_preset=&#8220;default&#8220; global_colors_info=&#8220;{}&#8220;][\/et_pb_image][\/et_pb_column][et_pb_column type=&#8220;3_4&#8243; _builder_version=&#8220;4.27.4&#8243; _module_preset=&#8220;default&#8220; global_colors_info=&#8220;{}&#8220;][et_pb_text admin_label=&#8220;Wij cre\u00ebren veiligheid die u niet ziet, maar w\u00e9l merkt.&#8220; _builder_version=&#8220;4.27.4&#8243; _module_preset=&#8220;default&#8220; header_2_text_color=&#8220;#FFFFFF&#8220; header_3_text_color=&#8220;#FFFFFF&#8220; header_3_font_size=&#8220;26px&#8220; global_colors_info=&#8220;{}&#8220;]<\/p>\n<div class=\"page\" title=\"Page 4\">\n<div class=\"section\">\n<div class=\"layoutArea\">\n<div class=\"column\">\n<h3>Wir schaffen Sicherheit, die man nicht sieht, aber die man bemerkt.<\/h3>\n<\/div>\n<\/div>\n<\/div>\n<\/div>\n<p>[\/et_pb_text][\/et_pb_column][\/et_pb_row][et_pb_row column_structure=&#8220;1_4,1_4,1_4,1_4&#8243; _builder_version=&#8220;4.27.4&#8243; _module_preset=&#8220;default&#8220; global_colors_info=&#8220;{}&#8220;][et_pb_column type=&#8220;1_4&#8243; _builder_version=&#8220;4.27.4&#8243; _module_preset=&#8220;default&#8220; global_colors_info=&#8220;{}&#8220;][\/et_pb_column][et_pb_column type=&#8220;1_4&#8243; _builder_version=&#8220;4.27.4&#8243; _module_preset=&#8220;default&#8220; global_colors_info=&#8220;{}&#8220;][et_pb_text admin_label=&#8220;D\u00e9 specialist&#8220; _builder_version=&#8220;4.27.4&#8243; _module_preset=&#8220;default&#8220; text_text_color=&#8220;#FFFFFF&#8220; global_colors_info=&#8220;{}&#8220;]<\/p>\n<h4>Der spezialist<\/h4>\n<p>Komplette Fahrzeugsicherung f\u00fcr jetzt und die Zukunft[\/et_pb_text][\/et_pb_column][et_pb_column type=&#8220;1_4&#8243; _builder_version=&#8220;4.27.4&#8243; _module_preset=&#8220;default&#8220; global_colors_info=&#8220;{}&#8220;][et_pb_text admin_label=&#8220;Eigen systeem&#8220; _builder_version=&#8220;4.27.4&#8243; _module_preset=&#8220;default&#8220; text_text_color=&#8220;#FFFFFF&#8220; global_colors_info=&#8220;{}&#8220;]<\/p>\n<h4>Eigenes System<\/h4>\n<p>Originalfabrikat: vollst\u00e4ndig im eigenen Haus entwickelt und von unserem Spezialistenteam unterst\u00fctzt<\/p>\n<p>[\/et_pb_text][\/et_pb_column][et_pb_column type=&#8220;1_4&#8243; _builder_version=&#8220;4.27.4&#8243; _module_preset=&#8220;default&#8220; global_colors_info=&#8220;{}&#8220;][et_pb_text admin_label=&#8220;30+ jaar ervaring&#8220; _builder_version=&#8220;4.27.4&#8243; _module_preset=&#8220;default&#8220; text_text_color=&#8220;#FFFFFF&#8220; global_colors_info=&#8220;{}&#8220;]<\/p>\n<h4>30+ Jahre Erfahrung<\/h4>\n<p>\u00dcber drei Jahrzehnte f\u00fchrend in der Ladungsdiebstahlsicherung in verschiedenen Marktsegmenten<\/p>\n<p>[\/et_pb_text][\/et_pb_column][\/et_pb_row][et_pb_row column_structure=&#8220;1_4,1_4,1_4,1_4&#8243; _builder_version=&#8220;4.27.4&#8243; _module_preset=&#8220;default&#8220; global_colors_info=&#8220;{}&#8220;][et_pb_column type=&#8220;1_4&#8243; _builder_version=&#8220;4.27.4&#8243; _module_preset=&#8220;default&#8220; global_colors_info=&#8220;{}&#8220;][\/et_pb_column][et_pb_column type=&#8220;1_4&#8243; _builder_version=&#8220;4.27.4&#8243; _module_preset=&#8220;default&#8220; global_colors_info=&#8220;{}&#8220;][et_pb_button button_url=&#8220;@ET-DC@eyJkeW5hbWljIjp0cnVlLCJjb250ZW50IjoicG9zdF9saW5rX3VybF9wYWdlIiwic2V0dGluZ3MiOnsicG9zdF9pZCI6IjU3In19@&#8220; button_text=&#8220;Projekte&#8220; button_alignment=&#8220;left&#8220; _builder_version=&#8220;4.27.5&#8243; _dynamic_attributes=&#8220;button_url&#8220; _module_preset=&#8220;default&#8220; custom_button=&#8220;on&#8220; button_text_size=&#8220;14px&#8220; button_text_color=&#8220;#FFFFFF&#8220; button_border_width=&#8220;1px&#8220; button_border_color=&#8220;#FFFFFF&#8220; button_border_radius=&#8220;0px&#8220; button_icon=&#8220;&#x35;||divi||400&#8243; global_colors_info=&#8220;{}&#8220;][\/et_pb_button][\/et_pb_column][et_pb_column type=&#8220;1_4&#8243; _builder_version=&#8220;4.27.4&#8243; _module_preset=&#8220;default&#8220; global_colors_info=&#8220;{}&#8220;][\/et_pb_column][et_pb_column type=&#8220;1_4&#8243; _builder_version=&#8220;4.27.4&#8243; _module_preset=&#8220;default&#8220; global_colors_info=&#8220;{}&#8220;][\/et_pb_column][\/et_pb_row][\/et_pb_section][et_pb_section fb_built=&#8220;1&#8243; _builder_version=&#8220;4.27.4&#8243; _module_preset=&#8220;default&#8220; background_color=&#8220;rgba(0,0,0,0.6)&#8220; background_image=&#8220;https:\/\/cargolock.jtni.nl\/wp-content\/uploads\/2025\/12\/Cargo-Lock-branding-shoot-The-Originals-Photography-slider-02.webp&#8220; background_blend=&#8220;multiply&#8220; custom_padding=&#8220;150px||150px||true|false&#8220; global_colors_info=&#8220;{}&#8220;][et_pb_row column_structure=&#8220;1_2,1_2&#8243; _builder_version=&#8220;4.27.4&#8243; _module_preset=&#8220;default&#8220; global_colors_info=&#8220;{}&#8220;][et_pb_column type=&#8220;1_2&#8243; _builder_version=&#8220;4.27.4&#8243; _module_preset=&#8220;default&#8220; global_colors_info=&#8220;{}&#8220;][et_pb_heading title=&#8220;Die beste wahle treffen wir gemeinsam&#8220; admin_label=&#8220;Wij zijn kunstenaars achter gesloten deuren&#8220; _builder_version=&#8220;4.27.4&#8243; _module_preset=&#8220;default&#8220; title_level=&#8220;h2&#8243; title_font=&#8220;|||on|||||&#8220; global_colors_info=&#8220;{}&#8220;][\/et_pb_heading][et_pb_text _builder_version=&#8220;4.27.4&#8243; _module_preset=&#8220;default&#8220; text_text_color=&#8220;#FFFFFF&#8220; global_colors_info=&#8220;{}&#8220;]Sicherheit erfordert echte Aufmerksamkeit. Wir denken mit Ihnen mit, schauen voraus und bauen, was f\u00fcr Sie funktioniert. D\u00fcrfen wir Ihre W\u00fcnsche mit unserer Expertise bereichern?[\/et_pb_text][et_pb_button button_url=&#8220;@ET-DC@eyJkeW5hbWljIjp0cnVlLCJjb250ZW50IjoicG9zdF9saW5rX3VybF9wYWdlIiwic2V0dGluZ3MiOnsicG9zdF9pZCI6IjY3In19@&#8220; button_text=&#8220;Vereinbaren sie einen termin&#8220; admin_label=&#8220;Maak een afspraak&#8220; _builder_version=&#8220;4.27.5&#8243; _dynamic_attributes=&#8220;button_url&#8220; _module_preset=&#8220;default&#8220; custom_button=&#8220;on&#8220; button_text_size=&#8220;14px&#8220; button_text_color=&#8220;#FFFFFF&#8220; button_border_width=&#8220;1px&#8220; button_border_color=&#8220;#FFFFFF&#8220; button_border_radius=&#8220;0px&#8220; button_font=&#8220;Gotham Book|||on|||||&#8220; button_icon=&#8220;&#x35;||divi||400&#8243; global_colors_info=&#8220;{}&#8220;][\/et_pb_button][\/et_pb_column][et_pb_column type=&#8220;1_2&#8243; _builder_version=&#8220;4.27.4&#8243; _module_preset=&#8220;default&#8220; global_colors_info=&#8220;{}&#8220;][\/et_pb_column][\/et_pb_row][\/et_pb_section]<\/p>\n","protected":false},"excerpt":{"rendered":"<p>Wertversichert mit CARGO-LOCK\u00aeAls Werttransporteur wollen Sie eines: Sicherheit. Geschwindigkeit ist wichtig, aber Sicherheit ist heilig. Mit Cargo-Lock\u00ae vertrauen Sie auf intelligente Fahrzeugsicherung, die menschliche Fehler ausschlie\u00dft: entwickelt, um f\u00fcr Sie zu arbeiten. Damit Sie Ihren Ruf st\u00e4rken, 24\/7 wertversichert sind und sich in voller Freiheit bewegen k\u00f6nnen. Cargo-Lock\u00ae. Seit Jahrzehnten das Sicherheitssystem, das f\u00fchrende Organisationen [&hellip;]<\/p>\n","protected":false},"author":1,"featured_media":0,"parent":0,"menu_order":0,"comment_status":"closed","ping_status":"closed","template":"","meta":{"_acf_changed":false,"_et_pb_use_builder":"on","_et_pb_old_content":"","_et_gb_content_width":"","footnotes":""},"difl_page_category":[],"class_list":["post-280151","page","type-page","status-publish","hentry"],"acf":[],"_links":{"self":[{"href":"https:\/\/cargolock.jtni.nl\/de\/wp-json\/wp\/v2\/pages\/280151","targetHints":{"allow":["GET"]}}],"collection":[{"href":"https:\/\/cargolock.jtni.nl\/de\/wp-json\/wp\/v2\/pages"}],"about":[{"href":"https:\/\/cargolock.jtni.nl\/de\/wp-json\/wp\/v2\/types\/page"}],"author":[{"embeddable":true,"href":"https:\/\/cargolock.jtni.nl\/de\/wp-json\/wp\/v2\/users\/1"}],"replies":[{"embeddable":true,"href":"https:\/\/cargolock.jtni.nl\/de\/wp-json\/wp\/v2\/comments?post=280151"}],"version-history":[{"count":17,"href":"https:\/\/cargolock.jtni.nl\/de\/wp-json\/wp\/v2\/pages\/280151\/revisions"}],"predecessor-version":[{"id":280230,"href":"https:\/\/cargolock.jtni.nl\/de\/wp-json\/wp\/v2\/pages\/280151\/revisions\/280230"}],"wp:attachment":[{"href":"https:\/\/cargolock.jtni.nl\/de\/wp-json\/wp\/v2\/media?parent=280151"}],"wp:term":[{"taxonomy":"difl_page_category","embeddable":true,"href":"https:\/\/cargolock.jtni.nl\/de\/wp-json\/wp\/v2\/difl_page_category?post=280151"}],"curies":[{"name":"wp","href":"https:\/\/api.w.org\/{rel}","templated":true}]}}